{"id":194,"date":"2025-12-29T08:59:00","date_gmt":"2025-12-29T08:59:00","guid":{"rendered":"https:\/\/tagabike.eu\/?post_type=product&#038;p=194"},"modified":"2026-01-13T10:58:19","modified_gmt":"2026-01-13T10:58:19","slug":"regenschutz","status":"publish","type":"product","link":"https:\/\/www.tagabike.eu\/de\/product\/regenschutz\/","title":{"rendered":"Regenschutz"},"content":{"rendered":"<h3>Vollst\u00e4ndiger Schutz unter allen Bedingungen<\/h3>\n<p>Der Regenschutz sch\u00fctzt Kinder effektiv vor Regen, Wind und Spritzwasser und macht das Taga Family Bike auch bei schlechtem Wetter nutzbar. Das umlaufende Design h\u00e4lt den Innenraum trocken, ohne die Bel\u00fcftung zu beeintr\u00e4chtigen.<\/p>\n<h3>Sichtbarkeit, Komfort und Zweckm\u00e4\u00dfigkeit<\/h3>\n<p>Er ist aus strapazierf\u00e4higem, transparentem Material gefertigt und erm\u00f6glicht es den Kindern, nach drau\u00dfen zu schauen und den Eltern, jederzeit Blickkontakt zu halten. Er l\u00e4sst sich leicht anbringen und abnehmen und wurde speziell f\u00fcr den Vorderrahmen des Taga Family Bike entwickelt.<\/p>","protected":false},"excerpt":{"rendered":"<p>Transparenter Regenschutz, der die Kinder vor Regen und Wind sch\u00fctzt und gleichzeitig Sichtbarkeit und Komfort bei jeder Fahrt gew\u00e4hrleistet.<\/p>","protected":false},"featured_media":283,"comment_status":"open","ping_status":"closed","template":"","meta":[],"product_brand":[],"product_cat":[19,23],"product_tag":[],"class_list":{"0":"post-194","1":"product","2":"type-product","3":"status-publish","4":"has-post-thumbnail","6":"product_cat-accessori","7":"product_cat-accessori-generali","8":"product_shipping_class-accessori","10":"first","11":"instock","12":"shipping-taxable","13":"purchasable","14":"product-type-simple"},"meta_box":{"data":{"desc":{"image":"74"}},"Catalog":{"brave_desc":"Cover antipioggia"}},"_links":{"self":[{"href":"https:\/\/www.tagabike.eu\/de\/wp-json\/wp\/v2\/product\/194","targetHints":{"allow":["GET"]}}],"collection":[{"href":"https:\/\/www.tagabike.eu\/de\/wp-json\/wp\/v2\/product"}],"about":[{"href":"https:\/\/www.tagabike.eu\/de\/wp-json\/wp\/v2\/types\/product"}],"replies":[{"embeddable":true,"href":"https:\/\/www.tagabike.eu\/de\/wp-json\/wp\/v2\/comments?post=194"}],"wp:featuredmedia":[{"embeddable":true,"href":"https:\/\/www.tagabike.eu\/de\/wp-json\/wp\/v2\/media\/283"}],"wp:attachment":[{"href":"https:\/\/www.tagabike.eu\/de\/wp-json\/wp\/v2\/media?parent=194"}],"wp:term":[{"taxonomy":"product_brand","embeddable":true,"href":"https:\/\/www.tagabike.eu\/de\/wp-json\/wp\/v2\/product_brand?post=194"},{"taxonomy":"product_cat","embeddable":true,"href":"https:\/\/www.tagabike.eu\/de\/wp-json\/wp\/v2\/product_cat?post=194"},{"taxonomy":"product_tag","embeddable":true,"href":"https:\/\/www.tagabike.eu\/de\/wp-json\/wp\/v2\/product_tag?post=194"}],"curies":[{"name":"wp","href":"https:\/\/api.w.org\/{rel}","templated":true}]}}