{"id":220,"date":"2025-12-29T09:02:17","date_gmt":"2025-12-29T09:02:17","guid":{"rendered":"https:\/\/tagabike.eu\/?post_type=product&#038;p=220"},"modified":"2026-01-13T10:58:19","modified_gmt":"2026-01-13T10:58:19","slug":"gepacktrager-an-der-sattelstutze","status":"publish","type":"product","link":"https:\/\/www.tagabike.eu\/de\/product\/gepacktrager-an-der-sattelstutze\/","title":{"rendered":"Gep\u00e4cktr\u00e4ger an der Sattelst\u00fctze"},"content":{"rendered":"<h3>Zus\u00e4tzliche Tragf\u00e4higkeit<\/h3>\n<p>Der hintere Gep\u00e4cktr\u00e4ger erm\u00f6glicht den Transport von Taschen, Rucks\u00e4cken oder kleinen Zusatzlasten und macht das Taga Family Bike noch vielseitiger im t\u00e4glichen Pendlerverkehr und bei Besorgungen in der Stadt.<\/p>\n<h3>Solide Struktur und nahtlose Integration<\/h3>\n<p>Er ist so konzipiert, dass er direkt an der Sattelst\u00fctze befestigt werden kann und einen stabilen und sicheren Halt garantiert. Das Design ist so konzipiert, dass es sich in die Geometrie des Taga Family Bike einf\u00fcgt, ohne die Balance des Fahrrads zu ver\u00e4ndern.<\/p>","protected":false},"excerpt":{"rendered":"<p>Hinterradgep\u00e4cktr\u00e4ger, der an der Sattelst\u00fctze befestigt wird. Ideal, um die Ladekapazit\u00e4t des Taga Family Bike zu erh\u00f6hen, ohne die Stabilit\u00e4t und das Handling zu beeintr\u00e4chtigen.<\/p>","protected":false},"featured_media":284,"comment_status":"open","ping_status":"closed","template":"","meta":[],"product_brand":[],"product_cat":[19,23],"product_tag":[],"class_list":{"0":"post-220","1":"product","2":"type-product","3":"status-publish","4":"has-post-thumbnail","6":"product_cat-accessori","7":"product_cat-accessori-generali","8":"product_shipping_class-accessori","10":"first","11":"instock","12":"shipping-taxable","13":"purchasable","14":"product-type-simple"},"meta_box":{"data":{"desc":{"image":"74"}},"Catalog":{"brave_desc":"Portapacchi posteriore modulare"}},"_links":{"self":[{"href":"https:\/\/www.tagabike.eu\/de\/wp-json\/wp\/v2\/product\/220","targetHints":{"allow":["GET"]}}],"collection":[{"href":"https:\/\/www.tagabike.eu\/de\/wp-json\/wp\/v2\/product"}],"about":[{"href":"https:\/\/www.tagabike.eu\/de\/wp-json\/wp\/v2\/types\/product"}],"replies":[{"embeddable":true,"href":"https:\/\/www.tagabike.eu\/de\/wp-json\/wp\/v2\/comments?post=220"}],"wp:featuredmedia":[{"embeddable":true,"href":"https:\/\/www.tagabike.eu\/de\/wp-json\/wp\/v2\/media\/284"}],"wp:attachment":[{"href":"https:\/\/www.tagabike.eu\/de\/wp-json\/wp\/v2\/media?parent=220"}],"wp:term":[{"taxonomy":"product_brand","embeddable":true,"href":"https:\/\/www.tagabike.eu\/de\/wp-json\/wp\/v2\/product_brand?post=220"},{"taxonomy":"product_cat","embeddable":true,"href":"https:\/\/www.tagabike.eu\/de\/wp-json\/wp\/v2\/product_cat?post=220"},{"taxonomy":"product_tag","embeddable":true,"href":"https:\/\/www.tagabike.eu\/de\/wp-json\/wp\/v2\/product_tag?post=220"}],"curies":[{"name":"wp","href":"https:\/\/api.w.org\/{rel}","templated":true}]}}