{"id":223,"date":"2025-12-29T09:05:15","date_gmt":"2025-12-29T09:05:15","guid":{"rendered":"https:\/\/tagabike.eu\/?post_type=product&#038;p=223"},"modified":"2026-01-13T10:58:19","modified_gmt":"2026-01-13T10:58:19","slug":"stosgedampfte-sattelstutze","status":"publish","type":"product","link":"https:\/\/www.tagabike.eu\/de\/product\/stosgedampfte-sattelstutze\/","title":{"rendered":"Ged\u00e4mpfte Sattelst\u00fctze"},"content":{"rendered":"<h3>\u00dcberlegener Fahrkomfort<\/h3>\n<p>Die sto\u00dfd\u00e4mpfende Sattelst\u00fctze reduziert die Belastung durch Kopfsteinpflaster, Schlagl\u00f6cher und Unebenheiten auf der Stra\u00dfe und sorgt so f\u00fcr ein ruhigeres und komfortableres Fahrgef\u00fchl, auch bei l\u00e4ngeren t\u00e4glichen Fahrten.<\/p>\n<h3>Stabilit\u00e4t und Kompatibilit\u00e4t<\/h3>\n<p>Er wurde so konzipiert, dass er sich perfekt in die Geometrie des Taga Family Bikes einf\u00fcgt und f\u00fcr eine stabile und sichere Position beim Treten sorgt, ohne die Kontrolle \u00fcber das Fahrrad zu beeintr\u00e4chtigen.<\/p>","protected":false},"excerpt":{"rendered":"<p>Sattelst\u00fctze mit integriertem D\u00e4mpfungssystem, das St\u00f6\u00dfe und Vibrationen absorbiert und den Fahrkomfort auf allen Trails erh\u00f6ht.<\/p>","protected":false},"featured_media":285,"comment_status":"open","ping_status":"closed","template":"","meta":[],"product_brand":[],"product_cat":[19,23],"product_tag":[],"class_list":{"0":"post-223","1":"product","2":"type-product","3":"status-publish","4":"has-post-thumbnail","6":"product_cat-accessori","7":"product_cat-accessori-generali","8":"product_shipping_class-accessori","10":"first","11":"instock","12":"shipping-taxable","13":"purchasable","14":"product-type-simple"},"meta_box":{"data":{"desc":{"image":"74"}},"Catalog":{"brave_desc":"Reggisella ammortizzato"}},"_links":{"self":[{"href":"https:\/\/www.tagabike.eu\/de\/wp-json\/wp\/v2\/product\/223","targetHints":{"allow":["GET"]}}],"collection":[{"href":"https:\/\/www.tagabike.eu\/de\/wp-json\/wp\/v2\/product"}],"about":[{"href":"https:\/\/www.tagabike.eu\/de\/wp-json\/wp\/v2\/types\/product"}],"replies":[{"embeddable":true,"href":"https:\/\/www.tagabike.eu\/de\/wp-json\/wp\/v2\/comments?post=223"}],"wp:featuredmedia":[{"embeddable":true,"href":"https:\/\/www.tagabike.eu\/de\/wp-json\/wp\/v2\/media\/285"}],"wp:attachment":[{"href":"https:\/\/www.tagabike.eu\/de\/wp-json\/wp\/v2\/media?parent=223"}],"wp:term":[{"taxonomy":"product_brand","embeddable":true,"href":"https:\/\/www.tagabike.eu\/de\/wp-json\/wp\/v2\/product_brand?post=223"},{"taxonomy":"product_cat","embeddable":true,"href":"https:\/\/www.tagabike.eu\/de\/wp-json\/wp\/v2\/product_cat?post=223"},{"taxonomy":"product_tag","embeddable":true,"href":"https:\/\/www.tagabike.eu\/de\/wp-json\/wp\/v2\/product_tag?post=223"}],"curies":[{"name":"wp","href":"https:\/\/api.w.org\/{rel}","templated":true}]}}