{"id":228,"date":"2025-12-29T09:13:34","date_gmt":"2025-12-29T09:13:34","guid":{"rendered":"https:\/\/tagabike.eu\/?post_type=product&#038;p=228"},"modified":"2026-01-13T10:58:19","modified_gmt":"2026-01-13T10:58:19","slug":"taga-familie-fahrradsitz-schloss","status":"publish","type":"product","link":"https:\/\/www.tagabike.eu\/de\/product\/taga-familie-fahrradsitz-schloss\/","title":{"rendered":"Taga Family Fahrradsitzschloss"},"content":{"rendered":"<h3>Zus\u00e4tzlicher Schutz beim Parken<\/h3>\n<p>Mit der Taga-Kindersitzsperre k\u00f6nnen die Vordersitze verriegelt werden, um das Risiko einer unbefugten Entnahme zu verringern, wenn das Fahrrad unbeaufsichtigt auf der Stra\u00dfe oder in \u00f6ffentlichen Bereichen abgestellt wird.<\/p>\n<h3>Diskrete und funktionale Integration<\/h3>\n<p>Er ist auf die Struktur der Taga Family Bike Sitze abgestimmt und l\u00e4sst sich leicht integrieren, ohne den t\u00e4glichen Gebrauch oder den Komfort der Kinder beim Transport zu beeintr\u00e4chtigen.<\/p>","protected":false},"excerpt":{"rendered":"<p>Spezielles Vorh\u00e4ngeschloss zum Abschlie\u00dfen der Taga Family Bike Sitze, um die Sicherheit zu erh\u00f6hen, wenn das Fahrrad abgestellt ist.<\/p>","protected":false},"featured_media":290,"comment_status":"open","ping_status":"closed","template":"","meta":[],"product_brand":[],"product_cat":[19,23],"product_tag":[],"class_list":{"0":"post-228","1":"product","2":"type-product","3":"status-publish","4":"has-post-thumbnail","6":"product_cat-accessori","7":"product_cat-accessori-generali","8":"product_shipping_class-accessori","10":"first","11":"instock","12":"shipping-taxable","13":"purchasable","14":"product-type-simple"},"meta_box":{"data":{"desc":{"image":"74"}},"Catalog":{"brave_desc":"Lucchetto di sicurezza per seggiolini"}},"_links":{"self":[{"href":"https:\/\/www.tagabike.eu\/de\/wp-json\/wp\/v2\/product\/228","targetHints":{"allow":["GET"]}}],"collection":[{"href":"https:\/\/www.tagabike.eu\/de\/wp-json\/wp\/v2\/product"}],"about":[{"href":"https:\/\/www.tagabike.eu\/de\/wp-json\/wp\/v2\/types\/product"}],"replies":[{"embeddable":true,"href":"https:\/\/www.tagabike.eu\/de\/wp-json\/wp\/v2\/comments?post=228"}],"wp:featuredmedia":[{"embeddable":true,"href":"https:\/\/www.tagabike.eu\/de\/wp-json\/wp\/v2\/media\/290"}],"wp:attachment":[{"href":"https:\/\/www.tagabike.eu\/de\/wp-json\/wp\/v2\/media?parent=228"}],"wp:term":[{"taxonomy":"product_brand","embeddable":true,"href":"https:\/\/www.tagabike.eu\/de\/wp-json\/wp\/v2\/product_brand?post=228"},{"taxonomy":"product_cat","embeddable":true,"href":"https:\/\/www.tagabike.eu\/de\/wp-json\/wp\/v2\/product_cat?post=228"},{"taxonomy":"product_tag","embeddable":true,"href":"https:\/\/www.tagabike.eu\/de\/wp-json\/wp\/v2\/product_tag?post=228"}],"curies":[{"name":"wp","href":"https:\/\/api.w.org\/{rel}","templated":true}]}}