{"id":234,"date":"2025-12-29T09:19:32","date_gmt":"2025-12-29T09:19:32","guid":{"rendered":"https:\/\/tagabike.eu\/?post_type=product&#038;p=234"},"modified":"2026-01-13T10:58:18","modified_gmt":"2026-01-13T10:58:18","slug":"atmungsaktiver-anti-schweis-bezug-fur-taga-family-fahrradsitz","status":"publish","type":"product","link":"https:\/\/www.tagabike.eu\/de\/product\/atmungsaktiver-anti-schweis-bezug-fur-taga-family-fahrradsitz\/","title":{"rendered":"Atmungsaktiver Anti-Schwitz-Bezug f\u00fcr Taga Family Bike Sitz"},"content":{"rendered":"<h3>Komfort und Atmungsaktivit\u00e4t an hei\u00dfen Tagen<\/h3>\n<p>Der Anti-Schwei\u00df-Bezug f\u00f6rdert die Luftzirkulation zwischen dem K\u00f6rper des Kindes und dem Sitz und tr\u00e4gt dazu bei, den W\u00e4rme- und Feuchtigkeitsstau beim t\u00e4glichen Gebrauch des Taga Family Bike zu reduzieren.<\/p>\n<h3>Leicht aufzutragen und sauber zu halten<\/h3>\n<p>Sie wurde speziell f\u00fcr die Taga-Kindersitze entwickelt und l\u00e4sst sich leicht anbringen und abnehmen. Ideal, um den Sitz auch nach l\u00e4ngerem Gebrauch trocken, sauber und komfortabel zu halten.<\/p>","protected":false},"excerpt":{"rendered":"<p>Atmungsaktives Futter, das die Transpiration reduziert und den Komfort Ihres Kindes w\u00e4hrend der Fahrt verbessert, insbesondere in den w\u00e4rmeren Monaten.<\/p>","protected":false},"featured_media":295,"comment_status":"open","ping_status":"closed","template":"","meta":[],"product_brand":[],"product_cat":[19,21,22],"product_tag":[],"class_list":{"0":"post-234","1":"product","2":"type-product","3":"status-publish","4":"has-post-thumbnail","6":"product_cat-accessori","7":"product_cat-accessori-per-passeggeri","8":"product_cat-componenti-e-ricambi","9":"product_shipping_class-accessori","11":"first","12":"instock","13":"shipping-taxable","14":"purchasable","15":"product-type-simple"},"meta_box":{"data":{"desc":{"image":"74"}},"Catalog":{"brave_desc":"Foderina traspirante anti-sudore"}},"_links":{"self":[{"href":"https:\/\/www.tagabike.eu\/de\/wp-json\/wp\/v2\/product\/234","targetHints":{"allow":["GET"]}}],"collection":[{"href":"https:\/\/www.tagabike.eu\/de\/wp-json\/wp\/v2\/product"}],"about":[{"href":"https:\/\/www.tagabike.eu\/de\/wp-json\/wp\/v2\/types\/product"}],"replies":[{"embeddable":true,"href":"https:\/\/www.tagabike.eu\/de\/wp-json\/wp\/v2\/comments?post=234"}],"wp:featuredmedia":[{"embeddable":true,"href":"https:\/\/www.tagabike.eu\/de\/wp-json\/wp\/v2\/media\/295"}],"wp:attachment":[{"href":"https:\/\/www.tagabike.eu\/de\/wp-json\/wp\/v2\/media?parent=234"}],"wp:term":[{"taxonomy":"product_brand","embeddable":true,"href":"https:\/\/www.tagabike.eu\/de\/wp-json\/wp\/v2\/product_brand?post=234"},{"taxonomy":"product_cat","embeddable":true,"href":"https:\/\/www.tagabike.eu\/de\/wp-json\/wp\/v2\/product_cat?post=234"},{"taxonomy":"product_tag","embeddable":true,"href":"https:\/\/www.tagabike.eu\/de\/wp-json\/wp\/v2\/product_tag?post=234"}],"curies":[{"name":"wp","href":"https:\/\/api.w.org\/{rel}","templated":true}]}}