{"id":236,"date":"2025-12-29T09:22:01","date_gmt":"2025-12-29T09:22:01","guid":{"rendered":"https:\/\/tagabike.eu\/?post_type=product&#038;p=236"},"modified":"2026-01-13T10:58:18","modified_gmt":"2026-01-13T10:58:18","slug":"korbtaschenhalter-fur-taga-fahrrad","status":"publish","type":"product","link":"https:\/\/www.tagabike.eu\/de\/product\/korbtaschenhalter-fur-taga-fahrrad\/","title":{"rendered":"Gep\u00e4ckkorb f\u00fcr Taga Bike"},"content":{"rendered":"<h3>Zus\u00e4tzlicher Platz f\u00fcr den t\u00e4glichen Gebrauch<\/h3>\n<p>Der Gep\u00e4cktr\u00e4gerkorb bietet eine einfache L\u00f6sung f\u00fcr den Transport von Taschen und pers\u00f6nlichen Gegenst\u00e4nden beim Pendeln in der Stadt und macht das Taga Bike noch funktioneller f\u00fcr das t\u00e4gliche Leben.<\/p>\n<h3>Stabile Integration und praktische Anwendung<\/h3>\n<p>Er ist an die Struktur des Taga Bike angepasst und bietet einen sicheren Halt, ohne die Stabilit\u00e4t des Fahrrads zu beeintr\u00e4chtigen. Es ist einfach zu montieren und f\u00fcr den h\u00e4ufigen Gebrauch konzipiert.<\/p>","protected":false},"excerpt":{"rendered":"<p>Taschenkorb f\u00fcr Taga Bike, ideal f\u00fcr den praktischen und geordneten Transport von Taschen, Rucks\u00e4cken oder kleinen Gegenst\u00e4nden.<\/p>","protected":false},"featured_media":297,"comment_status":"open","ping_status":"closed","template":"","meta":[],"product_brand":[],"product_cat":[19,23],"product_tag":[],"class_list":{"0":"post-236","1":"product","2":"type-product","3":"status-publish","4":"has-post-thumbnail","6":"product_cat-accessori","7":"product_cat-accessori-generali","8":"product_shipping_class-accessori","10":"first","11":"instock","12":"shipping-taxable","13":"purchasable","14":"product-type-simple"},"meta_box":{"data":{"desc":{"image":"74"}},"Catalog":{"brave_desc":"Cestino porta-borse"}},"_links":{"self":[{"href":"https:\/\/www.tagabike.eu\/de\/wp-json\/wp\/v2\/product\/236","targetHints":{"allow":["GET"]}}],"collection":[{"href":"https:\/\/www.tagabike.eu\/de\/wp-json\/wp\/v2\/product"}],"about":[{"href":"https:\/\/www.tagabike.eu\/de\/wp-json\/wp\/v2\/types\/product"}],"replies":[{"embeddable":true,"href":"https:\/\/www.tagabike.eu\/de\/wp-json\/wp\/v2\/comments?post=236"}],"wp:featuredmedia":[{"embeddable":true,"href":"https:\/\/www.tagabike.eu\/de\/wp-json\/wp\/v2\/media\/297"}],"wp:attachment":[{"href":"https:\/\/www.tagabike.eu\/de\/wp-json\/wp\/v2\/media?parent=236"}],"wp:term":[{"taxonomy":"product_brand","embeddable":true,"href":"https:\/\/www.tagabike.eu\/de\/wp-json\/wp\/v2\/product_brand?post=236"},{"taxonomy":"product_cat","embeddable":true,"href":"https:\/\/www.tagabike.eu\/de\/wp-json\/wp\/v2\/product_cat?post=236"},{"taxonomy":"product_tag","embeddable":true,"href":"https:\/\/www.tagabike.eu\/de\/wp-json\/wp\/v2\/product_tag?post=236"}],"curies":[{"name":"wp","href":"https:\/\/api.w.org\/{rel}","templated":true}]}}