{"id":244,"date":"2025-12-29T09:31:51","date_gmt":"2025-12-29T09:31:51","guid":{"rendered":"https:\/\/tagabike.eu\/?post_type=product&#038;p=244"},"modified":"2026-01-13T10:58:16","modified_gmt":"2026-01-13T10:58:16","slug":"sonnenverdeck-fur-taga-family-bike","status":"publish","type":"product","link":"https:\/\/www.tagabike.eu\/de\/product\/sonnenverdeck-fur-taga-family-bike\/","title":{"rendered":"Sonnendach f\u00fcr Taga Family Bike"},"content":{"rendered":"<h3>Schutz vor der Sonne auf jeder Reise<\/h3>\n<p>Das Sonnendach reduziert die direkte Sonneneinstrahlung und bietet den Kindern an hellen Tagen einen angenehmen Schattenplatz f\u00fcr ihre t\u00e4glichen Ausfl\u00fcge.<\/p>\n<h3>Praktisches Design und gezielte Integration<\/h3>\n<p>Er wurde speziell f\u00fcr das Taga Family Bike entwickelt und l\u00e4sst sich leicht am Vorderrahmen befestigen, ohne die Sicht oder Stabilit\u00e4t zu beeintr\u00e4chtigen. Eine einfache L\u00f6sung, um den Komfort der Kinder in den w\u00e4rmeren Monaten zu verbessern.<\/p>","protected":false},"excerpt":{"rendered":"<p>Sonnenverdeck zum Schutz der Kinder vor direkter Sonneneinstrahlung w\u00e4hrend der Fahrt mit dem Taga Family Bike.<\/p>","protected":false},"featured_media":304,"comment_status":"open","ping_status":"closed","template":"","meta":[],"product_brand":[],"product_cat":[19,23,21],"product_tag":[],"class_list":{"0":"post-244","1":"product","2":"type-product","3":"status-publish","4":"has-post-thumbnail","6":"product_cat-accessori","7":"product_cat-accessori-generali","8":"product_cat-accessori-per-passeggeri","9":"product_shipping_class-accessori","11":"first","12":"instock","13":"shipping-taxable","14":"purchasable","15":"product-type-simple"},"meta_box":{"data":{"desc":{"image":"74"}},"Catalog":{"brave_desc":"Cappottina protezione solare"}},"_links":{"self":[{"href":"https:\/\/www.tagabike.eu\/de\/wp-json\/wp\/v2\/product\/244","targetHints":{"allow":["GET"]}}],"collection":[{"href":"https:\/\/www.tagabike.eu\/de\/wp-json\/wp\/v2\/product"}],"about":[{"href":"https:\/\/www.tagabike.eu\/de\/wp-json\/wp\/v2\/types\/product"}],"replies":[{"embeddable":true,"href":"https:\/\/www.tagabike.eu\/de\/wp-json\/wp\/v2\/comments?post=244"}],"wp:featuredmedia":[{"embeddable":true,"href":"https:\/\/www.tagabike.eu\/de\/wp-json\/wp\/v2\/media\/304"}],"wp:attachment":[{"href":"https:\/\/www.tagabike.eu\/de\/wp-json\/wp\/v2\/media?parent=244"}],"wp:term":[{"taxonomy":"product_brand","embeddable":true,"href":"https:\/\/www.tagabike.eu\/de\/wp-json\/wp\/v2\/product_brand?post=244"},{"taxonomy":"product_cat","embeddable":true,"href":"https:\/\/www.tagabike.eu\/de\/wp-json\/wp\/v2\/product_cat?post=244"},{"taxonomy":"product_tag","embeddable":true,"href":"https:\/\/www.tagabike.eu\/de\/wp-json\/wp\/v2\/product_tag?post=244"}],"curies":[{"name":"wp","href":"https:\/\/api.w.org\/{rel}","templated":true}]}}