{"id":103,"date":"2025-12-08T11:17:56","date_gmt":"2025-12-08T11:17:56","guid":{"rendered":"https:\/\/tagabike.eu\/?page_id=103"},"modified":"2026-02-19T14:40:17","modified_gmt":"2026-02-19T14:40:17","slug":"taga-bike","status":"publish","type":"page","link":"https:\/\/www.tagabike.eu\/es\/","title":{"rendered":"Bicicleta Taga"},"content":{"rendered":"","protected":false},"excerpt":{"rendered":"","protected":false},"author":1,"featured_media":0,"parent":0,"menu_order":0,"comment_status":"closed","ping_status":"closed","template":"front-page.php","meta":{"footnotes":""},"class_list":["post-103","page","type-page","status-publish","hentry"],"meta_box":{"data":{"intro":{"title":"La <span class=\"gold\">carga<\/span> <span class=\"gold\">bicicleta<\/span> tres ruedas.","pretitle":"Noi siamo fieri della<br>cargo bike creata ","button":{"title":"Elegir configuraci\u00f3n"},"image":"125"},"banner":{"image":"96"},"perche":{"title":"La <span class=\"gold\">soluci\u00f3n<\/span>\u2028 <span class=\"gold\">estable<\/span> e <span class=\"gold\">seguro <\/span>para tu familia.","pretitle":"Il perch\u00e9","text":"Alternativa reale all\u2019auto in citt\u00e0","item":[{"pretitle":"Stabilit\u00e0","title":"Guida sempre sotto controllo","desc":"Baricentro basso, ruote da 20\", freni a disco anteriori. Controllo prevedibile anche a pieno carico."},{"pretitle":"Bambini","title":"Sono sempre davanti agli occhi","desc":"Sedute modulabili con imbracature a 3 punti e schienali regolabili. Compatibile con ovetto per neonati."},{"pretitle":"Citt\u00e0","title":"Pensata per le strade urbane","desc":"Compatta per essere front cargo bike a 3 ruote, \u00e8 facile da manovrare, entra dove l\u2019auto non pu\u00f2."},{"pretitle":"Costi","title":"Meno spese fisse, pi\u00f9 risparmio","desc":"Con Taga non pensi a benzina, bollo o parcheggi. La manutenzione \u00e8 semplice e il risparmio \u00e8 ogni giorno"}]},"video":{"video":["105"],"title":"<span class=\"grey\">No es s\u00f3lo una bicicleta<\/span><br><span class=\"gold\">\u00c8<\/span> <span class=\"gold\">el<\/span> <span class=\"gold\">medio<\/span> <span class=\"gold\">para<\/span> <span class=\"gold\">el<\/span> <span class=\"gold\">Atentamente<\/span> <span class=\"gold\">familia<\/span>.","desc":"Non serve l\u2019auto per sentirti libero. Con Taga hai sicurezza e praticit\u00e0, ogni giorno dell\u2019anno."},"slider":[{"image":"454","title":"Taga es nuestro primer medio de transporte","desc":"Anche noi siamo genitori","text":"Ogni dettaglio \u2014 sedute, cinture, accessori \u2014 nasce per il trasporto dei pi\u00f9 piccoli. Sicurezza e praticit\u00e0 senza compromessi\r\n"},{"image":"399","title":"Al 100% seguro","desc":"Progettata intorno ai bambini","text":"Sedute, cinture, protezioni e accessori sono studiati per trasportare i bambini in modo sicuro, stabile e confortevole."},{"image":"398","title":"Siempre ante tus ojos","desc":"I bambini davanti","text":"Il trasporto frontale ti permette di vedere, parlare e controllare i tuoi figli durante ogni spostamento, senza distrazioni"},{"image":"455","title":"Dise\u00f1ado para la vida en la ciudad","desc":"Una vera alternativa all\u2019auto","text":"Tra traffico, parcheggi e tempi stretti, Taga semplifica gli spostamenti quotidiani della famiglia senza rinunce."}],"characteristics":{"title":"<span class=\"gold\">Taga<\/span> <span class=\"gold\">Familia<\/span> <span class=\"gold\">Bicicleta<\/span>","pretitle":"Una sola bicicletta, tante possibilit\u00e0 di utilizzo","desc":"Con Taga Family Bike puoi scegliere la configurazione pi\u00f9 adatta: dai neonati fino a tre bambini, con accessori che la rendono sicura e pratica in ogni stagione.","image":"461","item":[{"title":"di durata","value1":"Una Taga Family Bike ha","value2":"5,0x ","value3":"rispetto ad altri cargo bike"},{"title":"pi\u00f9 leggera","value1":"Una Taga Family Bike \u00e8 fino a","value2":"1,5x ","value3":"rispetto al 90% delle cargo bike"},{"title":"pi\u00f9 potente","value1":"Una Taga Family Bike \u00e8 fino a","value2":"2,0x ","value3":"rispetto alle altre cargo bike"}]},"configurazioni":{"title":"<span class=\"gold\">Encontramos<\/span> <span class=\"gold\">juntos<\/span> <span class=\"gold\">el<\/span> <span class=\"gold\">configuraci\u00f3n<\/span> <span class=\"gold\">derecha<\/span>","desc":"Ogni famiglia ha esigenze diverse. Prenota una video consulenza con un esperto Taga per valutare insieme la configurazione pi\u00f9 adatta: bambini, et\u00e0, utilizzo quotidiano e accessori realmente utili.","button":{"title":"Reservar una presentaci\u00f3n en v\u00eddeo"}},"banner2":{"image":"110","List":[{"image":"107","title":"24 000+","desc":"Famiglie in tutto il mondo usano Taga Family Bike"},{"image":"109","title":"4+","desc":"Premi riconosciuti in tutto il mondo, come Red Dot"},{"image":"122","title":"7+","desc":"Configurazioni disponibili, ognuno trova la sua"}]},"vantaggi_list":{"list":[{"icon":"118","title":"Supporto premium","desc":"Sempre. 24\/7."},{"icon":"119","title":"Spedizione veloce","desc":"In tutta l\u2019Italia"},{"icon":"120","title":"10 anni di garanzia","desc":"Su tutte le cargo bike"},{"icon":"121","title":"Altissima qualit\u00e0","desc":"In ogni componente"}]},"banner3":{"image":"112","List":[{"icon":"107","title":"30+ paesi","desc":"Taga Family Bike \u00e8 scelta in tutto il mondo."},{"icon":"109","title":"250 W","desc":"Motore elettrico disponibile per la versione Power."},{"icon":"122","title":"10 anni","desc":"Garanzia sul telaio contro difetti di produzione."}]},"accesori":{"list":[{"title":"Sedili per i tuoi bambini","desc":"Sviluppati appositamente per i pi\u00f9 piccoli: supportano fino a 80\u202fkg, sono reclinabili e disponibili in pi\u00f9 colori","image":"113"},{"title":"Tre ruote da 20 pollici","desc":"Garantisce stabilit\u00e0 costante: in movimento, in curva e da fermo. Ideale anche per chi non \u00e8 mai andato in bici","image":"114"},{"title":"Barra di sicurezza per i bambini","desc":"Barra\/asta progettata appositamente per il trasporto bambini, aumenta protezione e stabilit\u00e0 durante il tragitto","image":"115"},{"title":"Telaio compatto smontabile","desc":"Il telaio si smonta facilmente in parti, per il trasporto nel bagagliaio di un\u2019auto standard. Esempio di posizionamento in foto","image":"116"},{"title":"Cestone ultra resistente","desc":"Cestino robusto, removibile e pieghevole, diventa come una valigia sottile; capacit\u00e0 di carico fino a 100 kg.","image":"117"}]},"gallery":{"title":"No es s\u00f3lo una bicicleta, es la <span class=\"gold\">soluci\u00f3n<\/span><br> para la <span class=\"gold\">Atentamente<\/span> <span class=\"gold\">familia<\/span>","gallery":["440","439","441","436","437","438","434","435","433"]},"blog":{"title":"<span class=\"gold\">\u00daltima<\/span> <span class=\"gold\">noticias<\/span>"}},"group":[]},"_links":{"self":[{"href":"https:\/\/www.tagabike.eu\/es\/wp-json\/wp\/v2\/pages\/103","targetHints":{"allow":["GET"]}}],"collection":[{"href":"https:\/\/www.tagabike.eu\/es\/wp-json\/wp\/v2\/pages"}],"about":[{"href":"https:\/\/www.tagabike.eu\/es\/wp-json\/wp\/v2\/types\/page"}],"author":[{"embeddable":true,"href":"https:\/\/www.tagabike.eu\/es\/wp-json\/wp\/v2\/users\/1"}],"replies":[{"embeddable":true,"href":"https:\/\/www.tagabike.eu\/es\/wp-json\/wp\/v2\/comments?post=103"}],"version-history":[{"count":2,"href":"https:\/\/www.tagabike.eu\/es\/wp-json\/wp\/v2\/pages\/103\/revisions"}],"predecessor-version":[{"id":129,"href":"https:\/\/www.tagabike.eu\/es\/wp-json\/wp\/v2\/pages\/103\/revisions\/129"}],"wp:attachment":[{"href":"https:\/\/www.tagabike.eu\/es\/wp-json\/wp\/v2\/media?parent=103"}],"curies":[{"name":"wp","href":"https:\/\/api.w.org\/{rel}","templated":true}]}}