{"id":704,"date":"2026-01-16T12:17:41","date_gmt":"2026-01-16T12:17:41","guid":{"rendered":"https:\/\/tagabike.eu\/?page_id=704"},"modified":"2026-01-16T12:45:53","modified_gmt":"2026-01-16T12:45:53","slug":"faq","status":"publish","type":"page","link":"https:\/\/www.tagabike.eu\/es\/faq\/","title":{"rendered":"PREGUNTAS FRECUENTES"},"content":{"rendered":"","protected":false},"excerpt":{"rendered":"","protected":false},"author":1,"featured_media":0,"parent":0,"menu_order":0,"comment_status":"closed","ping_status":"closed","template":"templates\/faq.php","meta":{"footnotes":""},"class_list":["post-704","page","type-page","status-publish","hentry"],"meta_box":{"data":{"title":"FAQ - PREGUNTAS FRECUENTES","list":[{"title":"1. 1. Cuestiones generales","item":[{"title":"Che cos\u2019\u00e8 veramente TAGA?","desc":"TAGA \u00e8 un mezzo multifunzionale per genitori e bambini. La linea Bici Passeggino mette insieme i benefici di un rimorchio bici ed un passeggino di classe. TAGA d\u00e0 la possibilit\u00e0 ai genitori di passare del bel tempo coi loro figli, guidando con sicurezza e tenendosi in allenamento. In pochi secondi, da una divertente, sicura e manovrabile bicicletta, TAGA Bici Passeggino si trasforma in un passeggino di classe con cui girare facilmente per negozi, salire sul treno o entrare nell'ascensore. La linea TAGA Family Bike, anche se non si trasforma in passeggino offre una vasta versatilit\u00e0 di utilizzo e pu\u00f2 essere piegata permettendo cos\u00ec il trasporto in macchina o in un mezzo pubblico."},{"title":"Perch\u00e9 mai TAGA Bici Passeggino si trasforma dal passeggino alla bici","desc":"La risposta pi\u00f9 breve \u00e8 il meccanismo di trasformazione brevettato di TAGA. La risposta lunga \u00e8 che questo meccanismo, permette a TAGA di passare dalla modalit\u00e0 bicicletta alla modalit\u00e0 passeggino e viceversa, in 20 secondi e 4 semplici passaggi: togliere il seggiolino, abbassare il sedile, capovolgere il telaio posteriore e reinstallare il seggiolino. Stentate a credere? Guardate questo video.\r\n\r\n<iframe src=\"\/\/www.youtube.com\/embed\/YFRVpRKEjz8\" width=\"560\" height=\"415\" frameborder=\"0\" allowfullscreen=\"allowfullscreen\"><\/iframe>"},{"title":"Quanto \u00e8 sicuro guidare TAGA?","desc":"TAGA offre una guida pi\u00f9 sicura rispetto ad una bicicletta ordinaria con un seggiolino per bambini. Perch\u00e9, voi chiederete? \u00c8 fornita di una struttura speciale a 3 ruote e di funzioni di sicurezza integrate. Inoltre, \u00e8 pi\u00f9 sicuro guidare TAGA che una bicicletta con il rimorchio bici, perch\u00e9 potete tenere in continuazione sotto controllo il vostro bimbo. TAGA si \u00e8 evoluta per anni per provvedere ad ogni singolo aspetto della sicurezza. Come risultato, \u00e8 arrivata a soddisfare una lunga lista di standard di sicurezza americani, europei ed australiani. Per maggiori informazioni consultate la sezione Guidare con sicurezza, ed assicuratevi di avere esaminato il manuale dell\u2019utente prima di iniziare a guidare TAGA."},{"title":"In che et\u00e0 solitamente i bambini diventano troppo grandi per TAGA?","desc":"Il modello TAGA Family Bike pu\u00f2 aspettare i bambini fino a circo 8-9 anni. Mentre il modello TAGA Bici Passeggino in versione bicicletta, il seggiolino di TAGA \u00e8 adatto per bambini con peso fino a 35 kg (6-7 anni). In versione passeggino \u00e8 adatto per bambini con peso fino a 20 kg (4-5 anni)."},{"title":"Che et\u00e0 dovrebbe avere il mio bambino per essere trasportato con TAGA?","desc":"Con l\u2019adattatore per il seggiolino auto, si pu\u00f2 portare il bambino nel passeggino ed anche in modalit\u00e0 bicicletta su un terreno regolare sin dalla nascita. Per essere trasportato con il Seggiolino TAGA Standard, il bambino deve avere almeno 6 mesi."},{"title":"Devo sapere andare in bicicletta per poter guidare TAGA?","desc":"Non necessariamente. Grazie alla sua struttura a 3 ruote, imparare a guidare TAGA \u00e8 semplice persino per coloro che non sanno andare in bicicletta. E chiunque sappia gi\u00e0 andare in bicicletta imparer\u00e0 a guidarla subito."},{"title":"Dov\u2019\u00e8 prodotta TAGA?","desc":"Le parti di TAGA Bici Passeggino vengono prodotte ed assemblate in Taiwan, mentre le parti di tessuto e il modello TAGA Family Bike vengono fabbricate in Cina. State tranquilli, operiamo un avanzato processo di controllo qualit\u00e0 in tutte le nostre linee di produzione e l\u2019intera catena di distribuzione, per poter garantire uno standard di produzione di alta qualit\u00e0."},{"title":"Quali sono le dimensioni esatte di TAGA Bici Passeggino?","desc":"Versione bicicletta (cm): 73W x 165L x 102H\r\nVersione passeggino (cm): 73W x 120H x 102H"},{"title":"Quanto pesa TAGA?","desc":"Telaio: 19kg\r\nSeggiolino: 4kg"},{"title":"Perch\u00e9 TAGA \u00e8 pi\u00f9 pesante di un passeggino classico?","desc":"A differenza di un passeggino normale che trasporta solo il bambino, TAGA \u00e8 una bicicletta che deve sopportare il peso di un adulto insieme a quello di uno o due bambini. Trasporta i carichi pi\u00f9 pesanti e raggiunge una velocit\u00e0 maggiore, per questo il suo telaio deve essere pi\u00f9 spesso e, quindi, pi\u00f9 pesante.\r\n\r\nDetto questo, TAGA \u00e8 stata progettata per essere facile da smontare. In caso di necessit\u00e0 di metterla in macchina, TAGA pu\u00f2 essere divisa in 3 parti dal peso massimo di 10 kg ognuna. E grazie alle ruote larghe \u00e8 semplice portarla gi\u00f9 per le scale, il che compensa il suo peso extra. TAGA pesa pi\u00f9 o meno quanto una normale bicicletta da citt\u00e0 con il seggiolino per bambini. Ed \u00e8 pi\u00f9 leggera in confronto ad altri rimorchi per bici che pesano circa 35-45kg"},{"title":"Posso mettere il seggiolino per bambini di TAGA nella mia auto?","desc":"No. Il seggiolino di TAGA non \u00e8 stato progettato per questo. Vi consigliamo, piuttosto, di usare un seggiolino per l\u2019auto. Tuttavia, si pu\u00f2 usare un seggiolino per l\u2019auto con TAGA, a condizione che faccia parte di quei modelli per i quali produciamo gli adattatori."},{"title":"Quali sono i vantaggi chiave di TAGA rispetto ad una normale bicicletta con il seggiolino?","desc":"La vicinanza\r\nSolitamente con un seggiolino normale, il vostro bambino \u00e8 seduto dietro di voi. Con TAGA, il vostro piccolo si trova esattamente fra le vostre braccia. Il seggiolino TAGA permette al vostro bambino di godersi il paesaggio e fa s\u00ec che possiate guardarvi a vicenda e comunicare lungo il percorso.\r\n\r\nSicurezza\r\nLa struttura a 3 ruote di TAGA \u00e8 considerata pi\u00f9 stabile di una normale bicicletta munita del seggiolino. Il che ne fa un mezzo pi\u00f9 sicuro per spostarsi coi bambini. TAGA poggia sempre su 3 ruote, perci\u00f2 non c\u2019\u00e8 rischio che il vostro bambino cada mentre lo mettete sopra o togliete da TAGA. E se vi dovesse capitare di colpire un cordone o finire dentro una buca , riuscireste a non perdere l\u2019equilibrio grazie ad una maggiore stabilit\u00e0. Per mantenervi in equilibrio su una bicicletta normale, vi tocca acquisire velocit\u00e0. Ma non su TAGA. Tuttavia, come con qualsiasi bicicletta, dovete stare attenti quando andate ad alta velocit\u00e0 con i bambini e rallentare in discesa e in curve. Un altro vantaggio della sicurezza di TAGA, \u00e8 la protezione dei piedi dei bambini dai raggi.\r\n\r\nIl comfort del bambino\r\nIl seggiolino TAGA \u00e8 stato progettato secondo le regole dell\u2019ergonomia per massimizzare il comfort del vostro bambino. Ha un telaio di alluminio spesso, un cuscino per la testa di gomma schiuma extra morbido (nel caso in cui qualcuno dovesse avere sonno). In pi\u00f9 c\u2019\u00e8 una sbarra per le mani ed i braccioli speciali che possono contenere le borse laterali. Per garantire il comfort al vostro bambino il seggiolino \u00e8 munito di una tendina parasole. Pu\u00f2 essere aggiunto anche un parapioggia.\r\n\r\nContinuit\u00e0\r\nA differenza di una bici normale, potete trasformare TAGA in un passeggino e portarla dentro, una volta arrivati alla destinazione. Questo vuol dire che non vi toccher\u00e0 n\u00e9 cercare un posto dove legarla, n\u00e9 lasciare fuori alcun pezzo che potrebbe essere esposto alle intemperie. E il vostro bambino potr\u00e0 rimanere tranquillamente nel suo seggiolino. TAGA pu\u00f2 anche essere portata sui mezzi pubblici, dove il trasporto della bicicletta, nella maggior parte dei casi, non \u00e8 consentito o richiede una tariffa aggiuntiva. E una volta arrivati, potrete passare alla modalit\u00e0 bicicletta per proseguire verso la vostra destinazione finale.\r\n\r\n[\/accordion-item]\r\n[accordion-item title=\"Quali sono i vantaggi chiave di TAGA rispetto ad un rimorchio bici?\"]\r\n\r\nLa vicinanza\r\nCon TAGA il vostro piccolo viaggia proprio in mezzo alle vostre braccia. Il seggiolino TAGA permette al vostro bambino di godersi il paesaggio e fa s\u00ec che possiate guardarvi a vicenda e comunicare lungo il percorso. Con un rimorchio bici, invece, il vostro bambino si trova dietro di voi, il che vi impedisce di condividere l\u2019esperienza del viaggio con lui.\r\n\r\nSicurezza\r\nCon un rimorchio bici, \u00e8 semplice sbagliare a calcolare il raggio di sterzata e l\u2019effettiva larghezza del rimorchio, il che aumenta la possibilit\u00e0 di colpire un cordone o qualcos'altro. Con TAGA, la parte pi\u00f9 larga del veicolo si trova davanti a voi, per cui vi \u00e8 pi\u00f9 semplice decidere quando svoltare. Inoltre, con TAGA, non c\u2019\u00e8 bisogno di voltarsi indietro per controllare il vostro passeggero. Potete guidare guardando sempre avanti.\r\n\r\nIl comfort del bambino\r\nQuando state guidando una bicicletta che trascina un rimorchio, non vi rendete conto della nuvola di polvere e ghiaia che sollevate. Anche quando la strada \u00e8 relativamente pulita o avete dei parafango, finite per sporcare i vostri passeggeri. Per non parlare di quando piove o quando il sentiero \u00e8 ghiaioso. Con TAGA, il vostro bambino si trova al riparo da tutto ci\u00f2 \u2013 accanto a voi.\r\n\r\nContinuit\u00e0\r\nMolte volte quando vi spostate in bicicletta con il rimorchio, vi tocca pensare ad un posto dove legarla. Con TAGA non ve ne dovrete preoccupare. Una volta arrivati a destinazione, potrete trasformarla in passeggino e portarla dentro con voi. Non c\u2019\u00e8 bisogno di legarla o lasciare fuori alcun pezzo che potrebbe essere esposto alla pioggia. E se il vostro bambino si addormenta mentre guidate in versione bici, potr\u00e0 continuare a sonnecchiare tranquillamente in versione passeggino. Per concludere, TAGA in versione passeggino ,pu\u00f2 essere anche portata sui mezzi pubblici, dove il trasporto di una bici con il rimorchio, solitamente, non \u00e8 consentito o richiede una tariffa aggiuntiva."},{"title":"Com\u2019\u00e8 guidare TAGA rispetto ad una bicicletta normale?","desc":"I tricicli, TAGA compreso, si gestiscono in modo diverso dalle biciclette ordinarie. Le biciclette normali sono per loro natura instabili. Al ciclista, infatti, tocca acquisire velocit\u00e0 per mantenersi in equilibrio. Per svoltare ,poi, deve inclinarsi insieme alla bici per contrastare la forza centrifuga.In contrasto, i tricicli sono di per s\u00e9 stabili, sia da fermo che a velocit\u00e0 bassa o media. Tuttavia, quando svoltano ad alta velocit\u00e0, sono soggetti alla forza centrifuga e in assenza di una guida attenta potrebbero rovesciarsi. Dal momento che il triciclo non pu\u00f2 inclinarsi, il guidatore deve rallentare prima di svoltare e inclinare il proprio corpo in curva, per contrastare la forza centrifuga.\r\n\r\nLo sterzo di TAGA \u00e8 stato progettato dagli ingegneri delle bici e tricicli professionisti, che hanno preso in considerazione una moltitudine di fattori per garantire una guida pi\u00f9 sicura e migliore in assoluto. Fattori quali: la geometria dello sterzo del triciclo basata sulla legge di Ackerman, la traccia di ruote ottimizzata, il baricentro ottimizzato e altri ancora. Come risultato, lo sterzo \u00e8 incredibilmente leggero e facile da manovrare. In fin dei conti, la responsabilit\u00e0 per la sicurezza \u00e8 sulle spalle di voi, genitori. Vi consigliamo fortemente di guidare TAGA attentamente quando vi spostate coi vostri figli.\r\n\r\nNon svoltate bruscamente ad alta velocit\u00e0, non utilizzate TAGA per fare le corse e non portatela fuoristrada. Provate a guidare TAGA diverse volte per abituarvi a gestirla e a manovrarla, prima di cominciare a trasportare i bambini."},{"title":"Com\u2019\u00e8 maneggiare TAGA rispetto ad un passeggino normale?","desc":"Similmente alla ruota anteriore di un passeggino da jogging, la ruota anteriore di TAGA, in modalit\u00e0 passeggino, non gira (le ruote anteriori dei passeggini tradizionali, invece, girano). Per girare il passeggino bisogna premere leggermente sulle maniglie, cosi la ruota anteriore si alzer\u00e0, e il passeggino girer\u00e0 (allo stesso modo di un passeggino da jogging). Dovete anche premere sulle maniglie per tirare TAGA indietro."},{"title":"Quanti modelli di TAGA sono disponibili?","desc":"TAGA ha un unico modello di telaio e tanti accessori. La configurazione di base include: telaio, seggiolino per bambini, tendina parasole e cestino sotto sella. Il telaio \u00e8 di color argento e il seggiolino \u00e8 disponibile in quattro colori differenti. I nostri accessori compatibili con TAGA comprendono: secondo seggiolino per bambini, adattatore per il seggiolino auto, calessino di legno, cestino da spesa eco-sostenibile e altro ancora.\r\nVEDI TUTTI GLI ACCESSORI \u2192"}]},{"title":"2. Accesorios","item":[{"title":"Quali seggiolini auto si possono usare con TAGA?","desc":"Ad oggi, offriamo l\u2019adattatore per i seggiolini auto ISOFIX. I marchi principali sono Beb\u00e8 Confort, Maxi Cos\u00ec, Nanna Guri e altre, compatibile anche con seggiolini auto Cybex e Be Safe. Abbiamo anche dell\u2019adattatore per il seggiolino auto Graco, compatibile con Graco Snugride 22 e Snugride 35."},{"title":"Si possono portare due o tre bambini su TAGA?","desc":"S\u00ec. Offriamo due soluzioni per andare in Taga con bambini:\r\n\r\n1. Il Secondo Seggiolino\r\nAttaccato alla parte posteriore del seggiolino principale, creando un tutt\u2019uno fra i due seggiolini. Il seggiolino anteriore (Seggiolino Taga Standard) \u00e8 adatto per bambini di 6-7 anni, mentre il seggiolino posteriore (Secondo Seggiolino Taga) \u00e8 adatto per bambini di 3-4 anni. Per favore, per maggiori informazioni sul Secondo Seggiolino TAGA, consultate la sezione accessori.\r\n\r\n2. Il Calessino di Legno\r\nPermette a due bambini di sedere l\u2019uno di fronte all\u2019altro. Il Calessino di Legno \u00e8 munito di un\u2019imbracatura di sicurezza ed \u00e8 adatto per 2 bambini di et\u00e0 da 1 anno fino a 7-9 anni. Per favore, per maggiori informazioni consultate la sezione accessori.\r\n"},{"title":"Si pu\u00f2 portare un bambino su un seggiolino auto e l\u2019altro sul seggiolino Standard TAGA?","desc":"Si, \u00e8 possibile con il modello TAGA Family Bike. Non \u00e8 possibile invece trasportare un neonato e un altro bambino davanti con il modello TAGA Bici Passeggino, tuttavia \u00e8 possibile di mettere il secondo bambino dietro al chi sta alla guida grazie al seggiolino posteriore."},{"title":"Dove posso tenere le mie cose mentre sto guidando TAGA?","desc":"TAGA \u00e8 munita di un cestino portaoggetti situato sotto il Seggiolino Standard. Potete appendere la vostra borsa mamma sulla maniglia dietro il seggiolino. Ci sono diversi portabiciclette sul mercato che si adattano al reggisella di Taga e possono essere usati per tenere le cose durante la guida. Inoltre, vi proponiamo un paio di borse laterali da attaccate al seggiolino per bambini."}]},{"title":"3. Utilice","item":[{"title":"Riuscir\u00f2 a mettere TAGA nel bagagliaio?","desc":"Si, TAGA pu\u00f2 essere ripiegata in meno di un minuto e messa nel bagagliaio di un\u2019auto di famiglia o berlina. Il modello TAGA Family Bike \u00e8 ancora pi\u00f9 compatta per il trasporto."},{"title":"Si pu\u00f2 mettere TAGA su un portabici?","desc":"Si, TAGA pu\u00f2 essere caricata su un portabici ordinario."},{"title":"I seggiolini sono lavabili?","desc":"S\u00ec, il seggiolino di TAGA e il tessuto del cappuccio sono semplici da togliere e si possono lavare, preferibilmente a mano, ma anche in lavatrice. Non metteteli in asciugature. Per istruzioni dettagliate sul lavaggio, controllate l\u2019etichetta sul tessuto."},{"title":"Ci vuole il casco per guidare TAGA?","desc":"I produttori di TAGA insistono che voi e i vostri bambini indossiate il casco durante la guida. In certi paesi il casco \u00e8 richiesto per legge. Seguire le leggi del paese in cui si vive, poi,\u00e8 una responsabilit\u00e0 dei genitori."},{"title":"Si pu\u00f2 guidare TAGA senza il seggiolino per bambini?","desc":"La linea TAGA Family Bike di base ha solo il cesto spesa senza i seggiolini. Mentre per la linea TAGA Bici Passeggino raccomandiamo fortemente che uno degli accessori principali di TAGA (seggiolino, adattatore per il seggiolino auto, calessino di\u00a0legno o cestino da spesa) sia attaccato durante la guida. Per favore, tenete conto che l\u2019assenza del bambino sul seggiolino influisce sulla guida."},{"title":"Si pu\u00f2 staccare il seggiolino con un bambino dentro?","desc":"S\u00ec. Il seggiolino ha un cavalletto di sostegno che gli permette di stare autonomamente per terra, mentre voi state cambiando la modalit\u00e0. Utilizzando, invece, il Secondo Seggiolino TAGA o il Calessino\u00a0TAGA di Legno, dovete togliere il bambino dal seggiolino prima di staccarlo."},{"title":"In quanti modi si pu\u00f2 reclinare il sedile di TAGA?","desc":"Ci sono 6 posizioni reclinabili per la linea TAGA Family Bike, mentre per la linea TAGA Bici Passeggino (tranne il modello con il Calessino) ci sono 2 posizioni reclinabili in modalit\u00e0 bicicletta e 2 in modalit\u00e0 passeggino."},{"title":"Come faccio ad attaccare gli accessori alla mia TAGA?","desc":"La maggior parte degli accessori pu\u00f2 essere attaccata in secondi, con il nostro meccanismo di sgancio rapido, in attesa di brevetto. Gli accessori sono forniti di un manuale dell\u2019utente, che mostra come attaccarli alla vostra TAGA."},{"title":"Ce la far\u00e0 una persona anziana come me a guidare TAGA?","desc":"Certo. Molti dei nostri clienti, sono nonni e nonne che vogliono rendere speciale il tempo passato in compagnia dei loro nipoti o persone anziane che usano Taga come un cestino da spesa. Il design a 3 ruote di Taga e le misure di sicurezza vi garantiscono stabilit\u00e0 e una guida sicura."},{"title":"Qual \u00e8 il tipo di terreno pi\u00f9 adatto per Taga?","desc":"Taga offre la migliore esperienza di guida su strade asfaltate come piste ciclabili, marciapiedi e sentieri."},{"title":"Ce la far\u00e0 Taga a passare dalla mia porta d\u2019ingresso?","desc":"Anche se nella maggior parte dei paesi non c\u2019\u00e8 una misura standard per le porte d\u2019ingresso, Taga passa dalla maggior parte delle porte. Se non siete sicuri delle porte ed ingressi degli ascensori che usate di solito, vi consigliamo di misurarli, per accertarsi che Taga ci possa passare. La larghezza di Taga \u00e8 di 73cm."},{"title":"Si pu\u00f2 portare Taga sui mezzi pubblici?","desc":"Certamente. \u00c8 uno dei maggiori vantaggi di Taga e la ragione per cui \u00e8 cosi ecosostenibile. Potete portare Taga su un mezzo pubblico in versione passeggino e, poi, guidare in versione bicicletta verso la vostra destinazione finale."},{"title":"Si pu\u00f2 portare Taga in aereo?","desc":"Per quanto riguarda i viaggi con bambini, la maggior parte delle compagnie aeree permette ai passeggeri di portarsi il passeggino fino all\u2019uscita. L\u00ec, il passeggino viene piegato e caricato a bordo dal personale di terra. Vi consigliamo di informarvi se la vostra compagnia aerea abbia delle restrizioni riguardo i passeggini."}]},{"title":"4. 4. Cuestiones t\u00e9cnicas","item":[{"title":"Una volta che Taga \u00e8 arrivata, quanto tempo ci vuole per assemblarla?","desc":"Per assemblare Taga ci vuole all\u2019incirca un\u2019ora e non \u00e8 richiesto alcun attrezzo specifico o abilit\u00e0 particolare."},{"title":"Quali attrezzi ci vogliono per assemblare Taga?","desc":"Se non assemblata, Taga richiede un cacciavite Philips e pinze, insieme alle chiavi a brugola, fornite nella confezione."},{"title":"Che tipo di manutenzione preventiva mi consigliate?\"","desc":"Le tipiche attivit\u00e0 di manutenzione di Taga sono le stesse delle biciclette normali e includono: lavaggio, gonfiaggio , regolazione dei freni, ecc."},{"title":"Qual \u00e8 la pressione degli pneumatici raccomandata per Taga?","desc":"La pressione degli pneumatici raccomandata per Taga \u00e8 di 60 PSI. Il campo di pressione, come indicato dal produttore di pneumatici, \u00e8 di Min 40 \u2013 Max 65 PSI."}]},{"title":"5. Servicios","item":[{"title":"Dove si possono comprare i prodotti Taga?","desc":"In Italia TAGA viene venduta su www.tagabikeitalia.it e \u00a0tramite i rivenditori autorizzati."},{"title":"Quanto dura la garanzia e cosa copre?","desc":"Offriamo una garanzia limitata di 2 anni su quasi tutte le parti di Taga. C\u2019\u00e8 una garanzia limitata di 2 anni, contro difetti di fabbricazione, sul telaio e marce. Il tessuto, i pneumatici e i cavi sono coperti per un anno dalla data ufficiale d\u2019acquisto, contro difetti di fabbricazione. La garanzia non copre l\u2019usura naturale, come per esempio, le gomme a terra e la regolazione dei freni, ed \u00e8 valida esclusivamente per l\u2019acquirente originale."},{"title":"Come faccio a riparare la mia Taga?","desc":"Nel caso in cui doveste riscontrare dei problemi con la vostra Taga Bike, vi forniremo dei kit di riparazione o parti di ricambio che sono state scrupolosamente testate e sono semplici da assemblare con o senza istruzioni. Taga non ha dei propri centri di riparazione. Per le riparazioni ordinarie della bicicletta o la regolazione dei freni, recatevi presso il vostro rivenditore locale, oppure visitate un negozio di bici nella vostra zona.\r\n"},{"title":"Dove si trova il numero di serie?","desc":"Potete trovare il numero di serie della vostra Taga nella parte sinistra del telaio posteriore, sotto l\u2019asse del pedale (il pezzo triangolare)."}]}]},"group":[]},"_links":{"self":[{"href":"https:\/\/www.tagabike.eu\/es\/wp-json\/wp\/v2\/pages\/704","targetHints":{"allow":["GET"]}}],"collection":[{"href":"https:\/\/www.tagabike.eu\/es\/wp-json\/wp\/v2\/pages"}],"about":[{"href":"https:\/\/www.tagabike.eu\/es\/wp-json\/wp\/v2\/types\/page"}],"author":[{"embeddable":true,"href":"https:\/\/www.tagabike.eu\/es\/wp-json\/wp\/v2\/users\/1"}],"replies":[{"embeddable":true,"href":"https:\/\/www.tagabike.eu\/es\/wp-json\/wp\/v2\/comments?post=704"}],"version-history":[{"count":1,"href":"https:\/\/www.tagabike.eu\/es\/wp-json\/wp\/v2\/pages\/704\/revisions"}],"predecessor-version":[{"id":705,"href":"https:\/\/www.tagabike.eu\/es\/wp-json\/wp\/v2\/pages\/704\/revisions\/705"}],"wp:attachment":[{"href":"https:\/\/www.tagabike.eu\/es\/wp-json\/wp\/v2\/media?parent=704"}],"curies":[{"name":"wp","href":"https:\/\/api.w.org\/{rel}","templated":true}]}}