{"id":194,"date":"2025-12-29T08:59:00","date_gmt":"2025-12-29T08:59:00","guid":{"rendered":"https:\/\/tagabike.eu\/?post_type=product&#038;p=194"},"modified":"2026-01-13T10:58:19","modified_gmt":"2026-01-13T10:58:19","slug":"cubierta-para-la-lluvia","status":"publish","type":"product","link":"https:\/\/www.tagabike.eu\/es\/product\/cubierta-para-la-lluvia\/","title":{"rendered":"Cubierta para la lluvia"},"content":{"rendered":"<h3>Protecci\u00f3n total en todas las condiciones<\/h3>\n<p>La funda impermeable est\u00e1 dise\u00f1ada para proteger eficazmente a los ni\u00f1os de la lluvia, el viento y las salpicaduras, haciendo que la bicicleta familiar Taga pueda utilizarse incluso en d\u00edas de mal tiempo. El dise\u00f1o envolvente mantiene el interior seco sin comprometer la ventilaci\u00f3n.<\/p>\n<h3>Visibilidad, comodidad y practicidad<\/h3>\n<p>Fabricado en material transparente duradero, permite a los ni\u00f1os mirar al exterior y a los padres mantener el contacto visual en todo momento. Es f\u00e1cil de colocar y quitar, dise\u00f1ado a medida para el cuadro delantero de la bicicleta familiar Taga.<\/p>","protected":false},"excerpt":{"rendered":"<p>Funda impermeable transparente dise\u00f1ada para proteger a los ni\u00f1os de la lluvia y el viento, manteniendo la visibilidad y la comodidad durante cada trayecto.<\/p>","protected":false},"featured_media":283,"comment_status":"open","ping_status":"closed","template":"","meta":[],"product_brand":[],"product_cat":[19,23],"product_tag":[],"class_list":{"0":"post-194","1":"product","2":"type-product","3":"status-publish","4":"has-post-thumbnail","6":"product_cat-accessori","7":"product_cat-accessori-generali","8":"product_shipping_class-accessori","10":"first","11":"instock","12":"shipping-taxable","13":"purchasable","14":"product-type-simple"},"meta_box":{"data":{"desc":{"image":"74"}},"Catalog":{"brave_desc":"Cover antipioggia"}},"_links":{"self":[{"href":"https:\/\/www.tagabike.eu\/es\/wp-json\/wp\/v2\/product\/194","targetHints":{"allow":["GET"]}}],"collection":[{"href":"https:\/\/www.tagabike.eu\/es\/wp-json\/wp\/v2\/product"}],"about":[{"href":"https:\/\/www.tagabike.eu\/es\/wp-json\/wp\/v2\/types\/product"}],"replies":[{"embeddable":true,"href":"https:\/\/www.tagabike.eu\/es\/wp-json\/wp\/v2\/comments?post=194"}],"wp:featuredmedia":[{"embeddable":true,"href":"https:\/\/www.tagabike.eu\/es\/wp-json\/wp\/v2\/media\/283"}],"wp:attachment":[{"href":"https:\/\/www.tagabike.eu\/es\/wp-json\/wp\/v2\/media?parent=194"}],"wp:term":[{"taxonomy":"product_brand","embeddable":true,"href":"https:\/\/www.tagabike.eu\/es\/wp-json\/wp\/v2\/product_brand?post=194"},{"taxonomy":"product_cat","embeddable":true,"href":"https:\/\/www.tagabike.eu\/es\/wp-json\/wp\/v2\/product_cat?post=194"},{"taxonomy":"product_tag","embeddable":true,"href":"https:\/\/www.tagabike.eu\/es\/wp-json\/wp\/v2\/product_tag?post=194"}],"curies":[{"name":"wp","href":"https:\/\/api.w.org\/{rel}","templated":true}]}}