{"id":223,"date":"2025-12-29T09:05:15","date_gmt":"2025-12-29T09:05:15","guid":{"rendered":"https:\/\/tagabike.eu\/?post_type=product&#038;p=223"},"modified":"2026-01-13T10:58:19","modified_gmt":"2026-01-13T10:58:19","slug":"tija-de-sillin-amortiguada","status":"publish","type":"product","link":"https:\/\/www.tagabike.eu\/es\/product\/tija-de-sillin-amortiguada\/","title":{"rendered":"Tija de sill\u00edn amortiguada"},"content":{"rendered":"<h3>Confort de conducci\u00f3n superior<\/h3>\n<p>La tija amortiguadora reduce la tensi\u00f3n causada por adoquines, baches y carreteras irregulares, ofreciendo una conducci\u00f3n m\u00e1s suave y c\u00f3moda incluso en los trayectos diarios m\u00e1s largos.<\/p>\n<h3>Estabilidad y compatibilidad<\/h3>\n<p>Dise\u00f1ado para integrarse perfectamente con la geometr\u00eda de la bicicleta familiar Taga, mantiene una posici\u00f3n estable y segura al pedalear, sin comprometer el control de la bicicleta.<\/p>","protected":false},"excerpt":{"rendered":"<p>Tija de sill\u00edn con sistema de amortiguaci\u00f3n integrado dise\u00f1ado para absorber los impactos y las vibraciones, mejorando la comodidad de conducci\u00f3n en todo tipo de senderos.<\/p>","protected":false},"featured_media":285,"comment_status":"open","ping_status":"closed","template":"","meta":[],"product_brand":[],"product_cat":[19,23],"product_tag":[],"class_list":{"0":"post-223","1":"product","2":"type-product","3":"status-publish","4":"has-post-thumbnail","6":"product_cat-accessori","7":"product_cat-accessori-generali","8":"product_shipping_class-accessori","10":"first","11":"instock","12":"shipping-taxable","13":"purchasable","14":"product-type-simple"},"meta_box":{"data":{"desc":{"image":"74"}},"Catalog":{"brave_desc":"Reggisella ammortizzato"}},"_links":{"self":[{"href":"https:\/\/www.tagabike.eu\/es\/wp-json\/wp\/v2\/product\/223","targetHints":{"allow":["GET"]}}],"collection":[{"href":"https:\/\/www.tagabike.eu\/es\/wp-json\/wp\/v2\/product"}],"about":[{"href":"https:\/\/www.tagabike.eu\/es\/wp-json\/wp\/v2\/types\/product"}],"replies":[{"embeddable":true,"href":"https:\/\/www.tagabike.eu\/es\/wp-json\/wp\/v2\/comments?post=223"}],"wp:featuredmedia":[{"embeddable":true,"href":"https:\/\/www.tagabike.eu\/es\/wp-json\/wp\/v2\/media\/285"}],"wp:attachment":[{"href":"https:\/\/www.tagabike.eu\/es\/wp-json\/wp\/v2\/media?parent=223"}],"wp:term":[{"taxonomy":"product_brand","embeddable":true,"href":"https:\/\/www.tagabike.eu\/es\/wp-json\/wp\/v2\/product_brand?post=223"},{"taxonomy":"product_cat","embeddable":true,"href":"https:\/\/www.tagabike.eu\/es\/wp-json\/wp\/v2\/product_cat?post=223"},{"taxonomy":"product_tag","embeddable":true,"href":"https:\/\/www.tagabike.eu\/es\/wp-json\/wp\/v2\/product_tag?post=223"}],"curies":[{"name":"wp","href":"https:\/\/api.w.org\/{rel}","templated":true}]}}