{"id":224,"date":"2025-12-29T09:06:35","date_gmt":"2025-12-29T09:06:35","guid":{"rendered":"https:\/\/tagabike.eu\/?post_type=product&#038;p=224"},"modified":"2026-01-13T10:58:19","modified_gmt":"2026-01-13T10:58:19","slug":"arnes-de-5-puntos","status":"publish","type":"product","link":"https:\/\/www.tagabike.eu\/es\/product\/arnes-de-5-puntos\/","title":{"rendered":"Arn\u00e9s de 5 puntos"},"content":{"rendered":"<h3>Seguridad avanzada para ni\u00f1os<\/h3>\n<p>El arn\u00e9s de 5 puntos distribuye la carga uniformemente sobre los hombros, la cintura y la pelvis, reduciendo los movimientos bruscos y manteniendo al ni\u00f1o correctamente colocado incluso al frenar o en las curvas.<\/p>\n<h3>Dise\u00f1ado para el uso diario<\/h3>\n<p>Dise\u00f1ado para integrarse perfectamente con los asientos Taga Family Bike, es f\u00e1cil de ajustar y utilizar a diario, ofreciendo un alto nivel de protecci\u00f3n sin comprometer la comodidad.<\/p>","protected":false},"excerpt":{"rendered":"<p>Sistema de arn\u00e9s de 5 puntos dise\u00f1ado para mantener a los ni\u00f1os bien sujetos durante el transporte, mejorando la estabilidad y la protecci\u00f3n en todas las situaciones.<\/p>","protected":false},"featured_media":286,"comment_status":"open","ping_status":"closed","template":"","meta":[],"product_brand":[],"product_cat":[19,21],"product_tag":[],"class_list":{"0":"post-224","1":"product","2":"type-product","3":"status-publish","4":"has-post-thumbnail","6":"product_cat-accessori","7":"product_cat-accessori-per-passeggeri","8":"product_shipping_class-accessori","10":"first","11":"instock","12":"shipping-taxable","13":"purchasable","14":"product-type-simple"},"meta_box":{"data":{"desc":{"image":"74"}},"Catalog":{"brave_desc":"Imbracatura di sicurezza a 5 punti"}},"_links":{"self":[{"href":"https:\/\/www.tagabike.eu\/es\/wp-json\/wp\/v2\/product\/224","targetHints":{"allow":["GET"]}}],"collection":[{"href":"https:\/\/www.tagabike.eu\/es\/wp-json\/wp\/v2\/product"}],"about":[{"href":"https:\/\/www.tagabike.eu\/es\/wp-json\/wp\/v2\/types\/product"}],"replies":[{"embeddable":true,"href":"https:\/\/www.tagabike.eu\/es\/wp-json\/wp\/v2\/comments?post=224"}],"wp:featuredmedia":[{"embeddable":true,"href":"https:\/\/www.tagabike.eu\/es\/wp-json\/wp\/v2\/media\/286"}],"wp:attachment":[{"href":"https:\/\/www.tagabike.eu\/es\/wp-json\/wp\/v2\/media?parent=224"}],"wp:term":[{"taxonomy":"product_brand","embeddable":true,"href":"https:\/\/www.tagabike.eu\/es\/wp-json\/wp\/v2\/product_brand?post=224"},{"taxonomy":"product_cat","embeddable":true,"href":"https:\/\/www.tagabike.eu\/es\/wp-json\/wp\/v2\/product_cat?post=224"},{"taxonomy":"product_tag","embeddable":true,"href":"https:\/\/www.tagabike.eu\/es\/wp-json\/wp\/v2\/product_tag?post=224"}],"curies":[{"name":"wp","href":"https:\/\/api.w.org\/{rel}","templated":true}]}}