{"id":145,"date":"2025-12-15T16:16:52","date_gmt":"2025-12-15T16:16:52","guid":{"rendered":"https:\/\/tagabike.eu\/?page_id=145"},"modified":"2026-01-13T14:40:26","modified_gmt":"2026-01-13T14:40:26","slug":"a-propos-de-nous","status":"publish","type":"page","link":"https:\/\/www.tagabike.eu\/fr\/a-propos-de-nous\/","title":{"rendered":"\u00c0 propos de nous"},"content":{"rendered":"","protected":false},"excerpt":{"rendered":"","protected":false},"author":1,"featured_media":0,"parent":0,"menu_order":0,"comment_status":"closed","ping_status":"closed","template":"templates\/about.php","meta":{"footnotes":""},"class_list":["post-145","page","type-page","status-publish","hentry"],"meta_box":{"data":{"intro":{"image":"186","title":"Nous attirons l'attention sur la <span class=\"red\">changer la fa\u00e7on de faire<\/span> dans laquelle les familles vivent la mobilit\u00e9 quotidienne.","desc":"Lasciaci qualche informazione e ti ricontatteremo.","button":{"title":"Contactez nous"},"list":[{"title":"Mobilit\u00e0 senza stress","desc":"Le strade strette, i parcheggi impossibili, gli imprevisti di ogni giorno non paralizzano pi\u00f9. Taga Family Bike si muove fluida in citt\u00e0 e porta la tua famiglia da A a B senza attriti inutili."},{"title":"Stabilit\u00e0 che fa sentire sicuri","desc":"Le strade strette, i parcheggi impossibili, gli imprevisti di ogni giorno non paralizzano pi\u00f9. Taga Family Bike si muove fluida in citt\u00e0 e porta la tua famiglia da A a B senza attriti inutili."},{"title":"Pi\u00f9 spazio reale per la tua vita","desc":"Le strade strette, i parcheggi impossibili, gli imprevisti di ogni giorno non paralizzano pi\u00f9. Taga Family Bike si muove fluida in citt\u00e0 e porta la tua famiglia da A a B senza attriti inutili."}],"image1":"193","image2":"192"},"about":{"list":[{"title":"Dal 2014","desc":"<b>anni di esperienza nella<br> mobilit\u00e0 familiare<\/b>\r\n\r\nTutto \u00e8 iniziato da una <b>semplice esigenza<\/b>: spostarsi con i propri bambini in citt\u00e0, senza stress e senza auto.","icon":"191","image":"187"},{"title":"Oltre 24.000","desc":"<b>famiglie in tutto il mondo<br> hanno scelto Taga<\/b>\r\n\r\nDalla prima Taga lanciata in Europa al <b>successo globale<\/b>, migliaia di famiglie hanno scelto la nostra cargo bike per trasformare la routine","icon":"190","image":"188"}]},"company":{"title":"Omar Donnini et Natalya Popova","pretitle":"I Fondatori","text1":"Tutto \u00e8 iniziato nel 2014, con l\u2019arrivo del nostro primo figlio e una semplice domanda:  <br><span class=\"red\"><i>Come possiamo continuare a muoverci in bici, ma in sicurezza con un bambino?\u201d<\/i><\/span>\r\n\r\nLa risposta \u00e8 arrivata con Taga - un triciclo stabile, pratico e incredibilmente intelligente, che ci ha permesso di vivere la citt\u00e0 senza rinunce.\r\n\r\nQuella prima cargo bike \u00e8 stata l\u2019inizio di un nuovo modo di pensare la mobilit\u00e0 familiare.\u2028Da genitori, non potevamo tenerlo solo per noi: <b>cos\u00ec \u00e8 nata Taga in Italia ed Europa<\/b>, per condividere con altre famiglie italiane la stessa libert\u00e0 che abbiamo provato la prima volta salendo su quella bici a tre ruote.","citata":"\u201cNon vendiamo solo biciclette. Condividiamo uno stile di vita che unisce famiglia, movimento e libert\u00e0.\u201d","author":"Natalya"},"recensione":{"title":"Voici ce que les familles nous disent","pretitle":"RECENSIONI","desc":"Ogni giorno sempre pi\u00f9 genitori scelgono <br> TAGA Family Bike.","button":{"title":"D\u00e9couvrez notre boutique"},"list":[{"title":"Martina R.","desc":"\u201cTaga \u00e8 diventata parte della nostra routine. La usiamo ogni giorno per accompagnare i bambini a scuola e per fare la spesa.","pretitle":"Mamma di Milano","tag":"Qualit\u00e0 della bici"},{"title":"Luca e Federica B.","desc":"\u201cIl team \u00e8 stato sempre disponibile, anche dopo l\u2019acquisto. Ho avuto bisogno di un consiglio per la batteria e mi hanno risposto subito.\u201d","pretitle":"Genitori di Bologna","tag":"Assistenza e supporto"},{"title":"Luca e Federica B.","desc":"\u201cIl team \u00e8 stato sempre disponibile, anche dopo l\u2019acquisto. Ho avuto bisogno di un consiglio per la batteria e mi hanno risposto subito.\u201d","pretitle":"Genitori di Bologna","tag":"Assistenza e supporto"}]},"cta":{"title":"Vous avez un projet ou vous souhaitez <span class=\"red\">devenir partenaire<\/span>?","pretitle":"Collaboriamo insieme","desc":"Siamo un team appassionato di mobilit\u00e0 sostenibile che crede nella collaborazione come motore di crescita.","button":{"title":"Contactez nous"},"text":"<span class=\"red\"><i>Insieme possiamo far pedalare ancora pi\u00f9 famiglie verso un futuro migliore.<\/i><\/span>"}},"group":[]},"_links":{"self":[{"href":"https:\/\/www.tagabike.eu\/fr\/wp-json\/wp\/v2\/pages\/145","targetHints":{"allow":["GET"]}}],"collection":[{"href":"https:\/\/www.tagabike.eu\/fr\/wp-json\/wp\/v2\/pages"}],"about":[{"href":"https:\/\/www.tagabike.eu\/fr\/wp-json\/wp\/v2\/types\/page"}],"author":[{"embeddable":true,"href":"https:\/\/www.tagabike.eu\/fr\/wp-json\/wp\/v2\/users\/1"}],"replies":[{"embeddable":true,"href":"https:\/\/www.tagabike.eu\/fr\/wp-json\/wp\/v2\/comments?post=145"}],"version-history":[{"count":3,"href":"https:\/\/www.tagabike.eu\/fr\/wp-json\/wp\/v2\/pages\/145\/revisions"}],"predecessor-version":[{"id":466,"href":"https:\/\/www.tagabike.eu\/fr\/wp-json\/wp\/v2\/pages\/145\/revisions\/466"}],"wp:attachment":[{"href":"https:\/\/www.tagabike.eu\/fr\/wp-json\/wp\/v2\/media?parent=145"}],"curies":[{"name":"wp","href":"https:\/\/api.w.org\/{rel}","templated":true}]}}