{"id":249,"date":"2026-01-03T14:36:24","date_gmt":"2026-01-03T14:36:24","guid":{"rendered":"https:\/\/tagabike.eu\/?page_id=249"},"modified":"2026-01-13T10:26:52","modified_gmt":"2026-01-13T10:26:52","slug":"expedition-et-retours","status":"publish","type":"page","link":"https:\/\/www.tagabike.eu\/fr\/expedition-et-retours\/","title":{"rendered":"Exp\u00e9dition et retours"},"content":{"rendered":"<p data-path-to-node=\"4\">Notre objectif est que vous receviez votre Taga Family Bike le plus rapidement possible et dans le meilleur \u00e9tat possible, pr\u00eat \u00e0 transporter votre famille. Vous trouverez ci-dessous toutes les informations concernant la livraison, les co\u00fbts et les proc\u00e9dures de retour.<\/p>\n<h2 data-path-to-node=\"5\">M\u00e9thodes d'exp\u00e9dition<\/h2>\n<p data-path-to-node=\"6\">Nous proposons plusieurs options d'exp\u00e9dition pour r\u00e9pondre \u00e0 vos besoins en mati\u00e8re d'assemblage et de budget.<\/p>\n<h3 data-path-to-node=\"7\">1. Exp\u00e9dition standard (en bo\u00eete)<\/h3>\n<p data-path-to-node=\"8\">C'est la solution id\u00e9ale si vous avez une certaine dext\u00e9rit\u00e9 manuelle ou si vous pr\u00e9f\u00e9rez \u00e9conomiser sur le transport.<\/p>\n<ul data-path-to-node=\"9\">\n<li>\n<p data-path-to-node=\"9,0,0\"><b data-path-to-node=\"9,0,0\" data-index-in-node=\"0\">Ce qu'il comprend :<\/b> Le v\u00e9lo est livr\u00e9 dans un carton de protection renforc\u00e9.<\/p>\n<\/li>\n<li>\n<p data-path-to-node=\"9,1,0\"><b data-path-to-node=\"9,1,0\" data-index-in-node=\"0\">\u00c9tat du v\u00e9lo :<\/b> Le Taga est assembl\u00e9 \u00e0 <b data-path-to-node=\"9,1,0\" data-index-in-node=\"42\">90%<\/b> par nos techniciens.<\/p>\n<\/li>\n<li>\n<p data-path-to-node=\"9,2,0\"><b data-path-to-node=\"9,2,0\" data-index-in-node=\"0\">Ce que vous devez faire :<\/b> Une fois re\u00e7u, vous devrez retirer les couvercles et proc\u00e9der \u00e0 la derni\u00e8re \u00e9tape de l'assemblage. Dans environ <b data-path-to-node=\"9,2,0\" data-index-in-node=\"125\">10 minutes<\/b> vous serez pr\u00eat \u00e0 p\u00e9daler !<\/p>\n<\/li>\n<li>\n<p data-path-to-node=\"9,3,0\"><b data-path-to-node=\"9,3,0\" data-index-in-node=\"0\">Option de point de service :<\/b> Vous pouvez choisir de faire exp\u00e9dier la bo\u00eete \u00e0 l'un de nos centres de service agr\u00e9\u00e9s. Dans ce cas, l'assemblage final sera effectu\u00e9 par un m\u00e9canicien sp\u00e9cialis\u00e9 avant votre enl\u00e8vement.<\/p>\n<\/li>\n<\/ul>\n<h3 data-path-to-node=\"10\">2. Exp\u00e9dition Premium (sur palette)<\/h3>\n<p data-path-to-node=\"11\">La solution cl\u00e9 en main pour ceux qui veulent z\u00e9ro souci.<\/p>\n<ul data-path-to-node=\"12\">\n<li>\n<p data-path-to-node=\"12,0,0\"><b data-path-to-node=\"12,0,0\" data-index-in-node=\"0\">Ce qu'il comprend :<\/b> Exp\u00e9dition sur palette en bois avec verrouillage de s\u00e9curit\u00e9 au moyen de supports m\u00e9talliques et emballage ext\u00e9rieur de protection.<\/p>\n<\/li>\n<li>\n<p data-path-to-node=\"12,1,0\"><b data-path-to-node=\"12,1,0\" data-index-in-node=\"0\">\u00c9tat du v\u00e9lo :<\/b> Le Taga est assembl\u00e9 \u00e0 <b data-path-to-node=\"12,1,0\" data-index-in-node=\"42\">100%<\/b>. Si vous avez achet\u00e9 des accessoires, ils seront d\u00e9j\u00e0 install\u00e9s sur le v\u00e9lo.<\/p>\n<\/li>\n<li>\n<p data-path-to-node=\"12,2,0\"><b data-path-to-node=\"12,2,0\" data-index-in-node=\"0\">Ce que vous devez faire :<\/b> Retirer les couvercles et le carton. En <b data-path-to-node=\"12,2,0\" data-index-in-node=\"55\">5 minutes<\/b> vous \u00eates en selle.<\/p>\n<\/li>\n<\/ul>\n<h3 data-path-to-node=\"13\">3. Accessoires d'exp\u00e9dition<\/h3>\n<p data-path-to-node=\"14\">Si vous n'achetez que des accessoires (sans le v\u00e9lo) :<\/p>\n<ul data-path-to-node=\"15\">\n<li>\n<p data-path-to-node=\"15,0,0\">Les marchandises sont exp\u00e9di\u00e9es dans un emballage protecteur en carton par un service de messagerie national.<\/p>\n<\/li>\n<li>\n<p data-path-to-node=\"15,1,0\">Vous pouvez demander \u00e0 \u00eatre livr\u00e9 dans un centre de service agr\u00e9\u00e9 pour que les accessoires soient mont\u00e9s sur votre v\u00e9lo par un professionnel.<\/p>\n<\/li>\n<\/ul>\n<hr data-path-to-node=\"16\" \/>\n<h2 data-path-to-node=\"17\">D\u00e9lais de livraison et d'ex\u00e9cution<\/h2>\n<p data-path-to-node=\"18\">Nous savons que vous attendez avec impatience de recevoir votre Taga.<\/p>\n<ul data-path-to-node=\"19\">\n<li>\n<p data-path-to-node=\"19,0,0\"><b data-path-to-node=\"19,0,0\" data-index-in-node=\"0\">Evasion :<\/b> La plupart des commandes sont trait\u00e9es et remises au service de messagerie dans les d\u00e9lais suivants <b data-path-to-node=\"19,0,0\" data-index-in-node=\"86\">24 heures<\/b> apr\u00e8s confirmation du paiement.<\/p>\n<\/li>\n<li>\n<p data-path-to-node=\"19,1,0\"><b data-path-to-node=\"19,1,0\" data-index-in-node=\"0\">Livraison :<\/b> En Italie, la livraison est g\u00e9n\u00e9ralement effectu\u00e9e dans un d\u00e9lai de <b data-path-to-node=\"19,1,0\" data-index-in-node=\"60\">72 heures de travail<\/b>.<\/p>\n<\/li>\n<li>\n<p data-path-to-node=\"19,2,0\"><i data-path-to-node=\"19,2,0\" data-index-in-node=\"0\">Remarque :<\/i> Les d\u00e9lais de livraison commencent au moment de l'enl\u00e8vement par le transporteur. Ils sont estim\u00e9s sur la base de la moyenne nationale et peuvent varier en raison d'\u00e9v\u00e9nements de force majeure ind\u00e9pendants de la volont\u00e9 de Donno Bikes.<\/p>\n<\/li>\n<\/ul>\n<hr data-path-to-node=\"20\" \/>\n<h2 data-path-to-node=\"21\">Frais d'exp\u00e9dition<\/h2>\n<h3 data-path-to-node=\"22\">Exp\u00e9dition vers l'Italie (y compris Saint-Marin et la Cit\u00e9 du Vatican)<\/h3>\n<ul data-path-to-node=\"23\">\n<li>\n<p data-path-to-node=\"23,0,0\"><b data-path-to-node=\"23,0,0\" data-index-in-node=\"0\">Bicyclettes en bo\u00eete :<\/b> L'envoi est <b data-path-to-node=\"23,0,0\" data-index-in-node=\"39\">GRATUIT<\/b>.<\/p>\n<\/li>\n<li>\n<p data-path-to-node=\"23,1,0\"><b data-path-to-node=\"23,1,0\" data-index-in-node=\"0\">V\u00e9los sur palettes (mont\u00e9s) :<\/b> Le service a un co\u00fbt total de 300 \u20ac, mais Donno Bikes couvre 50% des d\u00e9penses. Le co\u00fbt pour vous n'est que de <b data-path-to-node=\"23,1,0\" data-index-in-node=\"146\">150\u20ac<\/b>.<\/p>\n<\/li>\n<li>\n<p data-path-to-node=\"23,2,0\"><b data-path-to-node=\"23,2,0\" data-index-in-node=\"0\">Accessoires :<\/b><\/p>\n<ul data-path-to-node=\"23,2,1\">\n<li>\n<p data-path-to-node=\"23,2,1,0,0\">En cas d'achat en m\u00eame temps qu'une bicyclette : Exp\u00e9dition <b data-path-to-node=\"23,2,1,0,0\" data-index-in-node=\"51\">GRATUIT<\/b>.<\/p>\n<\/li>\n<li>\n<p data-path-to-node=\"23,2,1,1,0\">S'ils sont achet\u00e9s individuellement : Le co\u00fbt varie de <b data-path-to-node=\"23,2,1,1,0\" data-index-in-node=\"47\">10\u20ac a 20\u20ac<\/b> sur la base du volume\/poids calcul\u00e9 par le transporteur.<\/p>\n<\/li>\n<\/ul>\n<\/li>\n<\/ul>\n<h3 data-path-to-node=\"24\">Exp\u00e9dition internationale (Extra-Italie)<\/h3>\n<p data-path-to-node=\"25\">Pour les livraisons \u00e0 l'\u00e9tranger, le co\u00fbt est automatiquement calcul\u00e9 dans le panier avant le paiement, en fonction du poids total et de la destination.<\/p>\n<ul data-path-to-node=\"26\">\n<li>\n<p data-path-to-node=\"26,0,0\"><b data-path-to-node=\"26,0,0\" data-index-in-node=\"0\">Droits et douanes :<\/b> Les taxes, droits de douane ou frais exig\u00e9s par le pays de destination sont \u00e0 la charge du client et ne sont pas inclus dans les frais de port pay\u00e9s \u00e0 Donno Bikes. Veuillez vous renseigner aupr\u00e8s des autorit\u00e9s douani\u00e8res locales pour conna\u00eetre les \u00e9ventuels frais suppl\u00e9mentaires.<\/p>\n<\/li>\n<\/ul>\n<hr data-path-to-node=\"27\" \/>\n<h2 data-path-to-node=\"28\">Droit de r\u00e9tractation et retours<\/h2>\n<p data-path-to-node=\"29\">Si, pour quelque raison que ce soit, vous n'\u00eates pas satisfait de votre achat, vous avez le droit de r\u00e9silier le contrat.<\/p>\n<h3 data-path-to-node=\"30\">Conditions de retrait<\/h3>\n<ol start=\"1\" data-path-to-node=\"31\">\n<li>\n<p data-path-to-node=\"31,0,0\"><b data-path-to-node=\"31,0,0\" data-index-in-node=\"0\">Calendrier :<\/b> Hai <b data-path-to-node=\"31,0,0\" data-index-in-node=\"17\">14 jours<\/b> de temps \u00e0 compter de la date de conclusion du contrat (confirmation de commande en ligne) pour communiquer le souhait de se r\u00e9tracter.<\/p>\n<\/li>\n<li>\n<p data-path-to-node=\"31,1,0\"><b data-path-to-node=\"31,1,0\" data-index-in-node=\"0\">Utilisation du support :<\/b> Afin de garantir l'\u00e9quit\u00e9 contractuelle, le droit de r\u00e9tractation n'est valable que si le moyen <b data-path-to-node=\"31,1,0\" data-index-in-node=\"111\">n'a pas parcouru plus de 40 km<\/b>.<\/p>\n<\/li>\n<li>\n<p data-path-to-node=\"31,2,0\"><b data-path-to-node=\"31,2,0\" data-index-in-node=\"0\">Exclusions :<\/b> Le droit de r\u00e9tractation ne s'applique pas aux achats effectu\u00e9s par des professionnels disposant d'un num\u00e9ro de TVA ou aux achats effectu\u00e9s directement dans nos locaux physiques.<\/p>\n<\/li>\n<\/ol>\n<h3 data-path-to-node=\"32\">Comment exercer le droit de r\u00e9tractation<\/h3>\n<p data-path-to-node=\"33\">Pour entamer la proc\u00e9dure, vous devez nous envoyer une d\u00e9claration explicite par courrier (au pr\u00e9alable par e-mail) aux adresses suivantes :<\/p>\n<blockquote data-path-to-node=\"34\">\n<p data-path-to-node=\"34,0\"><b data-path-to-node=\"34,0\" data-index-in-node=\"0\">DONNO BIKES SRL<\/b> Via Ugo La Malfa, 31 63074 San Benedetto del Tronto (AP), Italie Courriel : info@donnobikes.com, info@tagabike.eu<\/p>\n<\/blockquote>\n<h3 data-path-to-node=\"35\">Proc\u00e9dure de retour<\/h3>\n<ul data-path-to-node=\"36\">\n<li>\n<p data-path-to-node=\"36,0,0\">Les marchandises doivent \u00eatre renvoy\u00e9es <b data-path-to-node=\"36,0,0\" data-index-in-node=\"32\">dans les 14 jours<\/b> \u00e0 partir de la notification de retrait.<\/p>\n<\/li>\n<li>\n<p data-path-to-node=\"36,1,0\">Le produit doit se trouver dans le <b data-path-to-node=\"36,1,0\" data-index-in-node=\"30\">m\u00eames conditions<\/b> dans lequel il a \u00e9t\u00e9 re\u00e7u : intact, propre, sans signe d'usure, complet avec toutes ses pi\u00e8ces (batterie, cl\u00e9s, manuels, c\u00e2bles) et dans son emballage d'origine.<\/p>\n<\/li>\n<li>\n<p data-path-to-node=\"36,2,0\"><b data-path-to-node=\"36,2,0\" data-index-in-node=\"0\">Attention :<\/b> N'envoyez rien sans l'autorisation \u00e9crite de Donno Bikes S.R.L.<\/p>\n<\/li>\n<\/ul>\n<h3 data-path-to-node=\"37\">Co\u00fbts de retour<\/h3>\n<p data-path-to-node=\"38\">Les frais d'exp\u00e9dition pour le retour des marchandises sont \u00e0 la charge du client.<\/p>\n<ul data-path-to-node=\"39\">\n<li>\n<p data-path-to-node=\"39,0,0\"><b data-path-to-node=\"39,0,0\" data-index-in-node=\"0\">Co\u00fbt standard par retour de v\u00e9lo :<\/b> <b data-path-to-node=\"39,0,0\" data-index-in-node=\"36\">150,00 \u20ac<\/b>.<\/p>\n<\/li>\n<li>\n<p data-path-to-node=\"39,1,0\">Vous pouvez utiliser notre service de transport organis\u00e9 ; le co\u00fbt sera d\u00e9duit de votre remboursement. Le client est responsable des marchandises jusqu'\u00e0 leur arriv\u00e9e dans notre entrep\u00f4t. Tout dommage ou d\u00e9pr\u00e9ciation d\u00fb \u00e0 une mauvaise manipulation ou \u00e0 un emballage inadapt\u00e9 sera factur\u00e9 au client.<\/p>\n<\/li>\n<\/ul>\n<h3 data-path-to-node=\"40\">Remboursements<\/h3>\n<p data-path-to-node=\"41\">Une fois les marchandises re\u00e7ues et leur int\u00e9grit\u00e9 v\u00e9rifi\u00e9e :<\/p>\n<ul data-path-to-node=\"42\">\n<li>\n<p data-path-to-node=\"42,0,0\">Donno Bikes effectuera le remboursement dans un d\u00e9lai de <b data-path-to-node=\"42,0,0\" data-index-in-node=\"39\">14 jours<\/b> la r\u00e9ception du retour (ou la preuve de l'exp\u00e9dition, \u00e0 notre discr\u00e9tion, conform\u00e9ment \u00e0 l'article 56 du d\u00e9cret l\u00e9gislatif 206\/2005).<\/p>\n<\/li>\n<li>\n<p data-path-to-node=\"42,1,0\">Le remboursement s'effectuera par l'interm\u00e9diaire du <b data-path-to-node=\"42,1,0\" data-index-in-node=\"31\">m\u00eame mode de paiement<\/b> utilis\u00e9e pour l'achat (virement bancaire ou carte de cr\u00e9dit), sauf indication contraire.<\/p>\n<\/li>\n<li>\n<p data-path-to-node=\"42,2,0\">Si l'achat a \u00e9t\u00e9 effectu\u00e9 au moyen de services financiers ou de plans de paiement \u00e9chelonn\u00e9s assortis de frais, ces frais accessoires sont \u00e0 la charge du client.<\/p>\n<\/li>\n<li>\n<p data-path-to-node=\"42,3,0\">En cas d'achat avec une carte cadeau ou un bon de fid\u00e9lit\u00e9, le remboursement se fera par l'\u00e9mission d'un nouveau bon valable 2 ans.<\/p>\n<\/li>\n<\/ul>","protected":false},"excerpt":{"rendered":"<p>Il nostro obiettivo \u00e8 farti ricevere la tua Taga Family Bike nel minor tempo possibile e nelle condizioni migliori, pronta per trasportare la tua famiglia. Di seguito trovi tutte le informazioni sulle modalit\u00e0 di consegna, i costi e le procedure per eventuali resi. Modalit\u00e0 di Spedizione Offriamo diverse opzioni di spedizione per adattarci alle tue [&hellip;]<\/p>\n","protected":false},"author":1,"featured_media":0,"parent":0,"menu_order":0,"comment_status":"closed","ping_status":"closed","template":"","meta":{"footnotes":""},"class_list":["post-249","page","type-page","status-publish","hentry"],"meta_box":{"data":[],"group":[]},"_links":{"self":[{"href":"https:\/\/www.tagabike.eu\/fr\/wp-json\/wp\/v2\/pages\/249","targetHints":{"allow":["GET"]}}],"collection":[{"href":"https:\/\/www.tagabike.eu\/fr\/wp-json\/wp\/v2\/pages"}],"about":[{"href":"https:\/\/www.tagabike.eu\/fr\/wp-json\/wp\/v2\/types\/page"}],"author":[{"embeddable":true,"href":"https:\/\/www.tagabike.eu\/fr\/wp-json\/wp\/v2\/users\/1"}],"replies":[{"embeddable":true,"href":"https:\/\/www.tagabike.eu\/fr\/wp-json\/wp\/v2\/comments?post=249"}],"version-history":[{"count":4,"href":"https:\/\/www.tagabike.eu\/fr\/wp-json\/wp\/v2\/pages\/249\/revisions"}],"predecessor-version":[{"id":458,"href":"https:\/\/www.tagabike.eu\/fr\/wp-json\/wp\/v2\/pages\/249\/revisions\/458"}],"wp:attachment":[{"href":"https:\/\/www.tagabike.eu\/fr\/wp-json\/wp\/v2\/media?parent=249"}],"curies":[{"name":"wp","href":"https:\/\/api.w.org\/{rel}","templated":true}]}}