{"id":194,"date":"2025-12-29T08:59:00","date_gmt":"2025-12-29T08:59:00","guid":{"rendered":"https:\/\/tagabike.eu\/?post_type=product&#038;p=194"},"modified":"2026-01-13T10:58:19","modified_gmt":"2026-01-13T10:58:19","slug":"housse-de-protection-contre-la-pluie","status":"publish","type":"product","link":"https:\/\/www.tagabike.eu\/fr\/produit\/housse-de-protection-contre-la-pluie\/","title":{"rendered":"Housse de pluie"},"content":{"rendered":"<h3>Protection compl\u00e8te dans toutes les conditions<\/h3>\n<p>La housse de pluie est con\u00e7ue pour prot\u00e9ger efficacement les enfants de la pluie, du vent et des embruns, rendant le v\u00e9lo familial Taga utilisable m\u00eame par mauvais temps. La conception enveloppante permet de garder l'int\u00e9rieur au sec sans compromettre la ventilation.<\/p>\n<h3>Visibilit\u00e9, confort et praticit\u00e9<\/h3>\n<p>Fabriqu\u00e9 dans un mat\u00e9riau transparent durable, il permet aux enfants de regarder \u00e0 l'ext\u00e9rieur et aux parents de garder le contact visuel \u00e0 tout moment. Facile \u00e0 installer et \u00e0 retirer, il a \u00e9t\u00e9 con\u00e7u sur mesure pour le cadre avant du Taga Family Bike.<\/p>","protected":false},"excerpt":{"rendered":"<p>Housse de pluie transparente con\u00e7ue pour prot\u00e9ger les enfants de la pluie et du vent tout en maintenant la visibilit\u00e9 et le confort pendant chaque trajet.<\/p>","protected":false},"featured_media":283,"comment_status":"open","ping_status":"closed","template":"","meta":[],"product_brand":[],"product_cat":[19,23],"product_tag":[],"class_list":{"0":"post-194","1":"product","2":"type-product","3":"status-publish","4":"has-post-thumbnail","6":"product_cat-accessori","7":"product_cat-accessori-generali","8":"product_shipping_class-accessori","10":"first","11":"instock","12":"shipping-taxable","13":"purchasable","14":"product-type-simple"},"meta_box":{"data":{"desc":{"image":"74"}},"Catalog":{"brave_desc":"Cover antipioggia"}},"_links":{"self":[{"href":"https:\/\/www.tagabike.eu\/fr\/wp-json\/wp\/v2\/product\/194","targetHints":{"allow":["GET"]}}],"collection":[{"href":"https:\/\/www.tagabike.eu\/fr\/wp-json\/wp\/v2\/product"}],"about":[{"href":"https:\/\/www.tagabike.eu\/fr\/wp-json\/wp\/v2\/types\/product"}],"replies":[{"embeddable":true,"href":"https:\/\/www.tagabike.eu\/fr\/wp-json\/wp\/v2\/comments?post=194"}],"wp:featuredmedia":[{"embeddable":true,"href":"https:\/\/www.tagabike.eu\/fr\/wp-json\/wp\/v2\/media\/283"}],"wp:attachment":[{"href":"https:\/\/www.tagabike.eu\/fr\/wp-json\/wp\/v2\/media?parent=194"}],"wp:term":[{"taxonomy":"product_brand","embeddable":true,"href":"https:\/\/www.tagabike.eu\/fr\/wp-json\/wp\/v2\/product_brand?post=194"},{"taxonomy":"product_cat","embeddable":true,"href":"https:\/\/www.tagabike.eu\/fr\/wp-json\/wp\/v2\/product_cat?post=194"},{"taxonomy":"product_tag","embeddable":true,"href":"https:\/\/www.tagabike.eu\/fr\/wp-json\/wp\/v2\/product_tag?post=194"}],"curies":[{"name":"wp","href":"https:\/\/api.w.org\/{rel}","templated":true}]}}