{"id":223,"date":"2025-12-29T09:05:15","date_gmt":"2025-12-29T09:05:15","guid":{"rendered":"https:\/\/tagabike.eu\/?post_type=product&#038;p=223"},"modified":"2026-01-13T10:58:19","modified_gmt":"2026-01-13T10:58:19","slug":"tige-de-selle-amortie","status":"publish","type":"product","link":"https:\/\/www.tagabike.eu\/fr\/produit\/tige-de-selle-amortie\/","title":{"rendered":"Tige de selle amortie"},"content":{"rendered":"<h3>Confort de conduite sup\u00e9rieur<\/h3>\n<p>La tige de selle amortissante r\u00e9duit le stress caus\u00e9 par les pav\u00e9s, les nids-de-poule et les routes irr\u00e9guli\u00e8res, offrant une conduite plus douce et plus confortable, m\u00eame lors des longues sorties quotidiennes.<\/p>\n<h3>Stabilit\u00e9 et compatibilit\u00e9<\/h3>\n<p>Con\u00e7u pour s'int\u00e9grer parfaitement \u00e0 la g\u00e9om\u00e9trie du Taga Family Bike, il maintient une position stable et s\u00fbre lors du p\u00e9dalage, sans compromettre le contr\u00f4le du v\u00e9lo.<\/p>","protected":false},"excerpt":{"rendered":"<p>Tige de selle avec syst\u00e8me d'amortissement int\u00e9gr\u00e9 con\u00e7u pour absorber les chocs et les vibrations, am\u00e9liorant ainsi le confort de conduite sur tous les types de sentiers.<\/p>","protected":false},"featured_media":285,"comment_status":"open","ping_status":"closed","template":"","meta":[],"product_brand":[],"product_cat":[19,23],"product_tag":[],"class_list":{"0":"post-223","1":"product","2":"type-product","3":"status-publish","4":"has-post-thumbnail","6":"product_cat-accessori","7":"product_cat-accessori-generali","8":"product_shipping_class-accessori","10":"first","11":"instock","12":"shipping-taxable","13":"purchasable","14":"product-type-simple"},"meta_box":{"data":{"desc":{"image":"74"}},"Catalog":{"brave_desc":"Reggisella ammortizzato"}},"_links":{"self":[{"href":"https:\/\/www.tagabike.eu\/fr\/wp-json\/wp\/v2\/product\/223","targetHints":{"allow":["GET"]}}],"collection":[{"href":"https:\/\/www.tagabike.eu\/fr\/wp-json\/wp\/v2\/product"}],"about":[{"href":"https:\/\/www.tagabike.eu\/fr\/wp-json\/wp\/v2\/types\/product"}],"replies":[{"embeddable":true,"href":"https:\/\/www.tagabike.eu\/fr\/wp-json\/wp\/v2\/comments?post=223"}],"wp:featuredmedia":[{"embeddable":true,"href":"https:\/\/www.tagabike.eu\/fr\/wp-json\/wp\/v2\/media\/285"}],"wp:attachment":[{"href":"https:\/\/www.tagabike.eu\/fr\/wp-json\/wp\/v2\/media?parent=223"}],"wp:term":[{"taxonomy":"product_brand","embeddable":true,"href":"https:\/\/www.tagabike.eu\/fr\/wp-json\/wp\/v2\/product_brand?post=223"},{"taxonomy":"product_cat","embeddable":true,"href":"https:\/\/www.tagabike.eu\/fr\/wp-json\/wp\/v2\/product_cat?post=223"},{"taxonomy":"product_tag","embeddable":true,"href":"https:\/\/www.tagabike.eu\/fr\/wp-json\/wp\/v2\/product_tag?post=223"}],"curies":[{"name":"wp","href":"https:\/\/api.w.org\/{rel}","templated":true}]}}