{"id":228,"date":"2025-12-29T09:13:34","date_gmt":"2025-12-29T09:13:34","guid":{"rendered":"https:\/\/tagabike.eu\/?post_type=product&#038;p=228"},"modified":"2026-01-13T10:58:19","modified_gmt":"2026-01-13T10:58:19","slug":"antivol-de-siege-de-velo-taga-family","status":"publish","type":"product","link":"https:\/\/www.tagabike.eu\/fr\/produit\/antivol-de-siege-de-velo-taga-family\/","title":{"rendered":"Cadenas de si\u00e8ge de v\u00e9lo Taga Family"},"content":{"rendered":"<h3>Protection suppl\u00e9mentaire lors du stationnement<\/h3>\n<p>L'antivol de si\u00e8ge enfant Taga permet de verrouiller les si\u00e8ges avant, r\u00e9duisant ainsi le risque de retrait non autoris\u00e9 lorsque le v\u00e9lo est laiss\u00e9 sans surveillance dans la rue ou dans des lieux publics.<\/p>\n<h3>Int\u00e9gration discr\u00e8te et fonctionnelle<\/h3>\n<p>Con\u00e7u pour s'adapter \u00e0 la structure des si\u00e8ges Taga Family Bike, il s'int\u00e8gre facilement sans interf\u00e9rer avec l'utilisation quotidienne ou le confort des enfants pendant le transport.<\/p>","protected":false},"excerpt":{"rendered":"<p>Cadenas d\u00e9di\u00e9 au verrouillage des si\u00e8ges Taga Family Bike, con\u00e7u pour augmenter la s\u00e9curit\u00e9 lorsque le v\u00e9lo est gar\u00e9.<\/p>","protected":false},"featured_media":290,"comment_status":"open","ping_status":"closed","template":"","meta":[],"product_brand":[],"product_cat":[19,23],"product_tag":[],"class_list":{"0":"post-228","1":"product","2":"type-product","3":"status-publish","4":"has-post-thumbnail","6":"product_cat-accessori","7":"product_cat-accessori-generali","8":"product_shipping_class-accessori","10":"first","11":"instock","12":"shipping-taxable","13":"purchasable","14":"product-type-simple"},"meta_box":{"data":{"desc":{"image":"74"}},"Catalog":{"brave_desc":"Lucchetto di sicurezza per seggiolini"}},"_links":{"self":[{"href":"https:\/\/www.tagabike.eu\/fr\/wp-json\/wp\/v2\/product\/228","targetHints":{"allow":["GET"]}}],"collection":[{"href":"https:\/\/www.tagabike.eu\/fr\/wp-json\/wp\/v2\/product"}],"about":[{"href":"https:\/\/www.tagabike.eu\/fr\/wp-json\/wp\/v2\/types\/product"}],"replies":[{"embeddable":true,"href":"https:\/\/www.tagabike.eu\/fr\/wp-json\/wp\/v2\/comments?post=228"}],"wp:featuredmedia":[{"embeddable":true,"href":"https:\/\/www.tagabike.eu\/fr\/wp-json\/wp\/v2\/media\/290"}],"wp:attachment":[{"href":"https:\/\/www.tagabike.eu\/fr\/wp-json\/wp\/v2\/media?parent=228"}],"wp:term":[{"taxonomy":"product_brand","embeddable":true,"href":"https:\/\/www.tagabike.eu\/fr\/wp-json\/wp\/v2\/product_brand?post=228"},{"taxonomy":"product_cat","embeddable":true,"href":"https:\/\/www.tagabike.eu\/fr\/wp-json\/wp\/v2\/product_cat?post=228"},{"taxonomy":"product_tag","embeddable":true,"href":"https:\/\/www.tagabike.eu\/fr\/wp-json\/wp\/v2\/product_tag?post=228"}],"curies":[{"name":"wp","href":"https:\/\/api.w.org\/{rel}","templated":true}]}}