{"id":236,"date":"2025-12-29T09:22:01","date_gmt":"2025-12-29T09:22:01","guid":{"rendered":"https:\/\/tagabike.eu\/?post_type=product&#038;p=236"},"modified":"2026-01-13T10:58:18","modified_gmt":"2026-01-13T10:58:18","slug":"porte-bagages-pour-velo-taga","status":"publish","type":"product","link":"https:\/\/www.tagabike.eu\/fr\/produit\/porte-bagages-pour-velo-taga\/","title":{"rendered":"Panier \u00e0 bagages pour Taga Bike"},"content":{"rendered":"<h3>Espace suppl\u00e9mentaire pour l'usage quotidien<\/h3>\n<p>Le panier de la sacoche offre une solution facile pour transporter des sacs et des objets personnels pendant les trajets en ville, rendant le Taga Bike encore plus fonctionnel pour la vie de tous les jours.<\/p>\n<h3>Int\u00e9gration stable et utilisation pratique<\/h3>\n<p>Con\u00e7u pour s'adapter \u00e0 la structure du v\u00e9lo Taga, il offre un maintien s\u00fbr sans compromettre la stabilit\u00e9 du v\u00e9lo. Il est facile \u00e0 installer et con\u00e7u pour une utilisation fr\u00e9quente.<\/p>","protected":false},"excerpt":{"rendered":"<p>Panier \u00e0 sac con\u00e7u pour Taga Bike, id\u00e9al pour transporter des sacs, des sacs \u00e0 dos ou de petits objets de mani\u00e8re pratique et ordonn\u00e9e.<\/p>","protected":false},"featured_media":297,"comment_status":"open","ping_status":"closed","template":"","meta":[],"product_brand":[],"product_cat":[19,23],"product_tag":[],"class_list":{"0":"post-236","1":"product","2":"type-product","3":"status-publish","4":"has-post-thumbnail","6":"product_cat-accessori","7":"product_cat-accessori-generali","8":"product_shipping_class-accessori","10":"first","11":"instock","12":"shipping-taxable","13":"purchasable","14":"product-type-simple"},"meta_box":{"data":{"desc":{"image":"74"}},"Catalog":{"brave_desc":"Cestino porta-borse"}},"_links":{"self":[{"href":"https:\/\/www.tagabike.eu\/fr\/wp-json\/wp\/v2\/product\/236","targetHints":{"allow":["GET"]}}],"collection":[{"href":"https:\/\/www.tagabike.eu\/fr\/wp-json\/wp\/v2\/product"}],"about":[{"href":"https:\/\/www.tagabike.eu\/fr\/wp-json\/wp\/v2\/types\/product"}],"replies":[{"embeddable":true,"href":"https:\/\/www.tagabike.eu\/fr\/wp-json\/wp\/v2\/comments?post=236"}],"wp:featuredmedia":[{"embeddable":true,"href":"https:\/\/www.tagabike.eu\/fr\/wp-json\/wp\/v2\/media\/297"}],"wp:attachment":[{"href":"https:\/\/www.tagabike.eu\/fr\/wp-json\/wp\/v2\/media?parent=236"}],"wp:term":[{"taxonomy":"product_brand","embeddable":true,"href":"https:\/\/www.tagabike.eu\/fr\/wp-json\/wp\/v2\/product_brand?post=236"},{"taxonomy":"product_cat","embeddable":true,"href":"https:\/\/www.tagabike.eu\/fr\/wp-json\/wp\/v2\/product_cat?post=236"},{"taxonomy":"product_tag","embeddable":true,"href":"https:\/\/www.tagabike.eu\/fr\/wp-json\/wp\/v2\/product_tag?post=236"}],"curies":[{"name":"wp","href":"https:\/\/api.w.org\/{rel}","templated":true}]}}